{"id":2657,"date":"2024-06-18T09:31:15","date_gmt":"2024-06-18T09:31:15","guid":{"rendered":"https:\/\/www.dimitriseconomides.com\/product\/santo-domingo\/"},"modified":"2024-12-13T08:55:10","modified_gmt":"2024-12-13T08:55:10","slug":"perou","status":"publish","type":"product","link":"https:\/\/www.dimitriseconomides.com\/en\/product\/perou\/","title":{"rendered":"P\u00c9ROU"},"content":{"rendered":"<div>Hazelnut Dacquoise, Crunchy Pralin\u00e9, Chocolate Cr\u00e9meux, Chocolate Mousse, Chocolate Sheets.<\/div>\n<div><\/div>\n","protected":false},"excerpt":{"rendered":"<p>Hazelnut Dacquoise, Crunchy Pralin\u00e9, Chocolate Cr\u00e9meux, Chocolate Mousse, Chocolate Sheets.<\/p>\n","protected":false},"featured_media":2873,"template":"","meta":{"_acf_changed":false},"product_brand":[],"product_cat":[80],"product_tag":[],"class_list":{"0":"post-2657","1":"product","2":"type-product","3":"status-publish","4":"has-post-thumbnail","6":"product_cat-pastry-en","7":"pa_size-individual-en","8":"pa_size-8-10-servings-en","10":"first","11":"instock","12":"shipping-taxable","13":"purchasable","14":"product-type-variable"},"acf":[],"_links":{"self":[{"href":"https:\/\/www.dimitriseconomides.com\/en\/wp-json\/wp\/v2\/product\/2657","targetHints":{"allow":["GET"]}}],"collection":[{"href":"https:\/\/www.dimitriseconomides.com\/en\/wp-json\/wp\/v2\/product"}],"about":[{"href":"https:\/\/www.dimitriseconomides.com\/en\/wp-json\/wp\/v2\/types\/product"}],"wp:featuredmedia":[{"embeddable":true,"href":"https:\/\/www.dimitriseconomides.com\/en\/wp-json\/wp\/v2\/media\/2873"}],"wp:attachment":[{"href":"https:\/\/www.dimitriseconomides.com\/en\/wp-json\/wp\/v2\/media?parent=2657"}],"wp:term":[{"taxonomy":"product_brand","embeddable":true,"href":"https:\/\/www.dimitriseconomides.com\/en\/wp-json\/wp\/v2\/product_brand?post=2657"},{"taxonomy":"product_cat","embeddable":true,"href":"https:\/\/www.dimitriseconomides.com\/en\/wp-json\/wp\/v2\/product_cat?post=2657"},{"taxonomy":"product_tag","embeddable":true,"href":"https:\/\/www.dimitriseconomides.com\/en\/wp-json\/wp\/v2\/product_tag?post=2657"}],"curies":[{"name":"wp","href":"https:\/\/api.w.org\/{rel}","templated":true}]}}