{"id":3306,"date":"2022-11-27T14:28:18","date_gmt":"2022-11-27T12:28:18","guid":{"rendered":"https:\/\/www.dimitriseconomides.com\/product\/bon-bons\/"},"modified":"2024-12-13T12:32:39","modified_gmt":"2024-12-13T12:32:39","slug":"bon-bons","status":"publish","type":"product","link":"https:\/\/www.dimitriseconomides.com\/en\/product\/bon-bons\/","title":{"rendered":"BON-BONS"},"content":{"rendered":"<p>Chocolate Sao Tome &#8211; Peru, Milk Chocolate Madagascar 40%, Hazelnut Pralin\u00e9, Ganache Lime, Ganache Chocolate, Hazelnut Pralin\u00e9 &#8211; Caf\u00e9.<\/p>\n","protected":false},"excerpt":{"rendered":"<p>Chocolate Sao Tome &#8211; Peru, Milk Chocolate Madagascar 40%, Hazelnut Pralin\u00e9, Ganache Lime, Ganache Chocolate, Hazelnut Pralin\u00e9 &#8211; Caf\u00e9.<\/p>\n","protected":false},"featured_media":2983,"template":"","meta":{"_acf_changed":false},"product_brand":[],"product_cat":[86],"product_tag":[],"class_list":{"0":"post-3306","1":"product","2":"type-product","3":"status-publish","4":"has-post-thumbnail","6":"product_cat-chocolate-en","7":"pa_size-individual-18-pcs-en","8":"pa_size-big-36-pcs-en","10":"first","11":"instock","12":"shipping-taxable","13":"purchasable","14":"product-type-variable"},"acf":[],"_links":{"self":[{"href":"https:\/\/www.dimitriseconomides.com\/en\/wp-json\/wp\/v2\/product\/3306","targetHints":{"allow":["GET"]}}],"collection":[{"href":"https:\/\/www.dimitriseconomides.com\/en\/wp-json\/wp\/v2\/product"}],"about":[{"href":"https:\/\/www.dimitriseconomides.com\/en\/wp-json\/wp\/v2\/types\/product"}],"wp:featuredmedia":[{"embeddable":true,"href":"https:\/\/www.dimitriseconomides.com\/en\/wp-json\/wp\/v2\/media\/2983"}],"wp:attachment":[{"href":"https:\/\/www.dimitriseconomides.com\/en\/wp-json\/wp\/v2\/media?parent=3306"}],"wp:term":[{"taxonomy":"product_brand","embeddable":true,"href":"https:\/\/www.dimitriseconomides.com\/en\/wp-json\/wp\/v2\/product_brand?post=3306"},{"taxonomy":"product_cat","embeddable":true,"href":"https:\/\/www.dimitriseconomides.com\/en\/wp-json\/wp\/v2\/product_cat?post=3306"},{"taxonomy":"product_tag","embeddable":true,"href":"https:\/\/www.dimitriseconomides.com\/en\/wp-json\/wp\/v2\/product_tag?post=3306"}],"curies":[{"name":"wp","href":"https:\/\/api.w.org\/{rel}","templated":true}]}}