{"id":3543,"date":"2024-11-27T13:50:35","date_gmt":"2024-11-27T11:50:35","guid":{"rendered":"https:\/\/www.dimitriseconomides.com\/product\/noisette-maison-martinet\/"},"modified":"2024-12-13T12:03:49","modified_gmt":"2024-12-13T12:03:49","slug":"noisette-maison-martinet","status":"publish","type":"product","link":"https:\/\/www.dimitriseconomides.com\/en\/product\/noisette-maison-martinet\/","title":{"rendered":"NOISETTE MAISON MARTINET"},"content":{"rendered":"<p>Sabl\u00e9 Diamant, Hazelnut Dacquoise, Cr\u00eapes Dentelles, Hazelnut Cr\u00e9meux, Hazelnut-Vanilla Mousse.<br \/>\n(6 &#8211; 8 servings)<\/p>\n","protected":false},"excerpt":{"rendered":"<p>Sabl\u00e9 Diamant, Hazelnut Dacquoise, Cr\u00eapes Dentelles, Hazelnut Cr\u00e9meux, Hazelnut-Vanilla Mousse. (6 &#8211; 8 servings)<\/p>\n","protected":false},"featured_media":2939,"template":"","meta":{"_acf_changed":false},"product_brand":[],"product_cat":[107],"product_tag":[],"class_list":{"0":"post-3543","1":"product","2":"type-product","3":"status-publish","4":"has-post-thumbnail","6":"product_cat-christmas-en","8":"first","9":"instock","10":"shipping-taxable","11":"purchasable","12":"product-type-simple"},"acf":[],"_links":{"self":[{"href":"https:\/\/www.dimitriseconomides.com\/en\/wp-json\/wp\/v2\/product\/3543","targetHints":{"allow":["GET"]}}],"collection":[{"href":"https:\/\/www.dimitriseconomides.com\/en\/wp-json\/wp\/v2\/product"}],"about":[{"href":"https:\/\/www.dimitriseconomides.com\/en\/wp-json\/wp\/v2\/types\/product"}],"wp:featuredmedia":[{"embeddable":true,"href":"https:\/\/www.dimitriseconomides.com\/en\/wp-json\/wp\/v2\/media\/2939"}],"wp:attachment":[{"href":"https:\/\/www.dimitriseconomides.com\/en\/wp-json\/wp\/v2\/media?parent=3543"}],"wp:term":[{"taxonomy":"product_brand","embeddable":true,"href":"https:\/\/www.dimitriseconomides.com\/en\/wp-json\/wp\/v2\/product_brand?post=3543"},{"taxonomy":"product_cat","embeddable":true,"href":"https:\/\/www.dimitriseconomides.com\/en\/wp-json\/wp\/v2\/product_cat?post=3543"},{"taxonomy":"product_tag","embeddable":true,"href":"https:\/\/www.dimitriseconomides.com\/en\/wp-json\/wp\/v2\/product_tag?post=3543"}],"curies":[{"name":"wp","href":"https:\/\/api.w.org\/{rel}","templated":true}]}}