{"id":5346,"date":"2025-12-09T13:24:07","date_gmt":"2025-12-09T11:24:07","guid":{"rendered":"https:\/\/www.dimitriseconomides.com\/?post_type=product&#038;p=5346"},"modified":"2025-12-09T13:27:28","modified_gmt":"2025-12-09T11:27:28","slug":"citrus-apogee","status":"publish","type":"product","link":"https:\/\/www.dimitriseconomides.com\/en\/product\/citrus-apogee\/","title":{"rendered":"CITRUS APOG\u00c9E"},"content":{"rendered":"<p>Dacquoise Almond-Lemon, Ganache Vanilla, Cr\u00eapes Dentelle, Cr\u00e9meux Lemon, Confit Lemon, Mousse Vanilla.<\/p>\n","protected":false},"excerpt":{"rendered":"<p>Dacquoise Almond-Lemon, Ganache Vanilla, Cr\u00eapes Dentelle, Cr\u00e9meux Lemon, Confit Lemon, Mousse Vanilla.<\/p>\n","protected":false},"featured_media":5248,"template":"","meta":{"_acf_changed":false},"product_brand":[],"product_cat":[107],"product_tag":[],"class_list":{"0":"post-5346","1":"product","2":"type-product","3":"status-publish","4":"has-post-thumbnail","6":"product_cat-christmas-en","8":"first","9":"instock","10":"shipping-taxable","11":"purchasable","12":"product-type-simple"},"acf":[],"_links":{"self":[{"href":"https:\/\/www.dimitriseconomides.com\/en\/wp-json\/wp\/v2\/product\/5346","targetHints":{"allow":["GET"]}}],"collection":[{"href":"https:\/\/www.dimitriseconomides.com\/en\/wp-json\/wp\/v2\/product"}],"about":[{"href":"https:\/\/www.dimitriseconomides.com\/en\/wp-json\/wp\/v2\/types\/product"}],"wp:featuredmedia":[{"embeddable":true,"href":"https:\/\/www.dimitriseconomides.com\/en\/wp-json\/wp\/v2\/media\/5248"}],"wp:attachment":[{"href":"https:\/\/www.dimitriseconomides.com\/en\/wp-json\/wp\/v2\/media?parent=5346"}],"wp:term":[{"taxonomy":"product_brand","embeddable":true,"href":"https:\/\/www.dimitriseconomides.com\/en\/wp-json\/wp\/v2\/product_brand?post=5346"},{"taxonomy":"product_cat","embeddable":true,"href":"https:\/\/www.dimitriseconomides.com\/en\/wp-json\/wp\/v2\/product_cat?post=5346"},{"taxonomy":"product_tag","embeddable":true,"href":"https:\/\/www.dimitriseconomides.com\/en\/wp-json\/wp\/v2\/product_tag?post=5346"}],"curies":[{"name":"wp","href":"https:\/\/api.w.org\/{rel}","templated":true}]}}