{"id":2570,"date":"2024-05-27T13:19:08","date_gmt":"2024-05-27T10:19:08","guid":{"rendered":"https:\/\/www.dimitriseconomides.com\/pastry-class\/"},"modified":"2024-12-03T15:34:26","modified_gmt":"2024-12-03T15:34:26","slug":"pastry-class","status":"publish","type":"page","link":"https:\/\/www.dimitriseconomides.com\/fr\/pastry-class\/","title":{"rendered":"Cours de p\u00e2tisserie"},"content":{"rendered":"\t\t<div data-elementor-type=\"wp-page\" data-elementor-id=\"2570\" class=\"elementor elementor-2570 elementor-242\" data-elementor-post-type=\"page\">\n\t\t\t\t<div class=\"elementor-element elementor-element-6db0a80 e-con-full e-flex e-con e-parent\" data-id=\"6db0a80\" data-element_type=\"container\" data-settings=\"{&quot;background_background&quot;:&quot;classic&quot;}\">\n\t\t\t\t<div class=\"elementor-element elementor-element-43a301a elementor-widget elementor-widget-spacer\" data-id=\"43a301a\" data-element_type=\"widget\" data-widget_type=\"spacer.default\">\n\t\t\t\t\t\t\t<div class=\"elementor-spacer\">\n\t\t\t<div class=\"elementor-spacer-inner\"><\/div>\n\t\t<\/div>\n\t\t\t\t\t\t<\/div>\n\t\t\t\t<\/div>\n\t\t<div class=\"elementor-element elementor-element-6ee6690 e-con-full e-flex e-con e-parent\" data-id=\"6ee6690\" data-element_type=\"container\" data-settings=\"{&quot;background_background&quot;:&quot;classic&quot;}\">\n\t\t\t\t<div class=\"elementor-element elementor-element-2e4b128 elementor-widget__width-initial elementor-widget elementor-widget-text-editor\" data-id=\"2e4b128\" data-element_type=\"widget\" data-widget_type=\"text-editor.default\">\n\t\t\t\t\t\t\t\t\t<p>Pour ceux qui souhaitent explorer et ma\u00eetriser l\u2019art de la p\u00e2tisserie, la section Pastry Class offre une opportunit\u00e9 unique de plonger dans l\u2019univers de la cr\u00e9ation sucr\u00e9e sous la direction d\u2019un v\u00e9ritable Pastritect, Dimitris Economides. Les cours sont con\u00e7us pour r\u00e9pondre \u00e0 tous les niveaux de comp\u00e9tence, des d\u00e9butants cherchant \u00e0 apprendre les bases aux experts souhaitant perfectionner leurs techniques. Les participants d\u00e9couvrent les secrets du Pastritect, acqui\u00e8rent des comp\u00e9tences pratiques et apprennent les m\u00e9thodes les plus avanc\u00e9es en p\u00e2tisserie, tout en ayant l\u2019occasion de mettre en \u0153uvre leurs connaissances dans des cr\u00e9ations qui d\u00e9passent toutes les attentes.<\/p>\t\t\t\t\t\t\t\t<\/div>\n\t\t\t\t<\/div>\n\t\t<div class=\"elementor-element elementor-element-1a828f1 e-flex e-con-boxed e-con e-parent\" data-id=\"1a828f1\" data-element_type=\"container\">\n\t\t\t\t\t<div class=\"e-con-inner\">\n\t\t\t\t<div class=\"woocommerce elementor-element elementor-element-acce727 elementor-grid-1 elementor-grid-tablet-1 elementor-grid-mobile-1 elementor-widget elementor-widget-loop-grid\" data-id=\"acce727\" data-element_type=\"widget\" data-settings=\"{&quot;_skin&quot;:&quot;product&quot;,&quot;template_id&quot;:3249,&quot;columns&quot;:1,&quot;row_gap&quot;:{&quot;unit&quot;:&quot;px&quot;,&quot;size&quot;:100,&quot;sizes&quot;:[]},&quot;columns_tablet&quot;:1,&quot;columns_mobile&quot;:&quot;1&quot;,&quot;edit_handle_selector&quot;:&quot;[data-elementor-type=\\&quot;loop-item\\&quot;]&quot;,&quot;row_gap_widescreen&quot;:{&quot;unit&quot;:&quot;px&quot;,&quot;size&quot;:&quot;&quot;,&quot;sizes&quot;:[]},&quot;row_gap_laptop&quot;:{&quot;unit&quot;:&quot;px&quot;,&quot;size&quot;:&quot;&quot;,&quot;sizes&quot;:[]},&quot;row_gap_tablet_extra&quot;:{&quot;unit&quot;:&quot;px&quot;,&quot;size&quot;:&quot;&quot;,&quot;sizes&quot;:[]},&quot;row_gap_tablet&quot;:{&quot;unit&quot;:&quot;px&quot;,&quot;size&quot;:&quot;&quot;,&quot;sizes&quot;:[]},&quot;row_gap_mobile_extra&quot;:{&quot;unit&quot;:&quot;px&quot;,&quot;size&quot;:&quot;&quot;,&quot;sizes&quot;:[]},&quot;row_gap_mobile&quot;:{&quot;unit&quot;:&quot;px&quot;,&quot;size&quot;:&quot;&quot;,&quot;sizes&quot;:[]}}\" data-widget_type=\"loop-grid.product\">\n\t\t\t\t<div class=\"elementor-widget-container\">\n\t\t\t\t\t\t\t<div class=\"e-loop-nothing-found-message\">\n\t\t<\/div>\n\t\t\t\t\t\t<\/div>\n\t\t\t\t<\/div>\n\t\t\t\t\t<\/div>\n\t\t\t\t<\/div>\n\t\t\t\t<\/div>\n\t\t","protected":false},"excerpt":{"rendered":"<p>Pour ceux qui souhaitent explorer et ma\u00eetriser l\u2019art de la p\u00e2tisserie, la section Pastry Class offre une opportunit\u00e9 unique de plonger dans l\u2019univers de la cr\u00e9ation sucr\u00e9e sous la direction d\u2019un v\u00e9ritable Pastritect, Dimitris Economides. Les cours sont con\u00e7us pour r\u00e9pondre \u00e0 tous les niveaux de comp\u00e9tence, des d\u00e9butants cherchant \u00e0 apprendre les bases aux [&hellip;]<\/p>\n","protected":false},"author":1,"featured_media":0,"parent":0,"menu_order":0,"comment_status":"closed","ping_status":"closed","template":"","meta":{"_acf_changed":false,"footnotes":""},"class_list":["post-2570","page","type-page","status-publish","hentry"],"acf":[],"_links":{"self":[{"href":"https:\/\/www.dimitriseconomides.com\/fr\/wp-json\/wp\/v2\/pages\/2570","targetHints":{"allow":["GET"]}}],"collection":[{"href":"https:\/\/www.dimitriseconomides.com\/fr\/wp-json\/wp\/v2\/pages"}],"about":[{"href":"https:\/\/www.dimitriseconomides.com\/fr\/wp-json\/wp\/v2\/types\/page"}],"author":[{"embeddable":true,"href":"https:\/\/www.dimitriseconomides.com\/fr\/wp-json\/wp\/v2\/users\/1"}],"replies":[{"embeddable":true,"href":"https:\/\/www.dimitriseconomides.com\/fr\/wp-json\/wp\/v2\/comments?post=2570"}],"version-history":[{"count":0,"href":"https:\/\/www.dimitriseconomides.com\/fr\/wp-json\/wp\/v2\/pages\/2570\/revisions"}],"wp:attachment":[{"href":"https:\/\/www.dimitriseconomides.com\/fr\/wp-json\/wp\/v2\/media?parent=2570"}],"curies":[{"name":"wp","href":"https:\/\/api.w.org\/{rel}","templated":true}]}}