{"id":3599,"date":"2024-11-14T11:56:22","date_gmt":"2024-11-14T11:56:22","guid":{"rendered":"https:\/\/www.dimitriseconomides.com\/privacy-policy-2\/"},"modified":"2024-12-13T15:10:45","modified_gmt":"2024-12-13T15:10:45","slug":"privacy-policy-2","status":"publish","type":"page","link":"https:\/\/www.dimitriseconomides.com\/fr\/privacy-policy-2\/","title":{"rendered":"Politique de Confidentialit\u00e9"},"content":{"rendered":"\t\t<div data-elementor-type=\"wp-page\" data-elementor-id=\"3599\" class=\"elementor elementor-3599 elementor-2730\" data-elementor-post-type=\"page\">\n\t\t\t\t<div class=\"elementor-element elementor-element-234d99d1 e-flex e-con-boxed e-con e-parent\" data-id=\"234d99d1\" data-element_type=\"container\">\n\t\t\t\t\t<div class=\"e-con-inner\">\n\t\t\t\t<div class=\"elementor-element elementor-element-cb0ab2b elementor-widget elementor-widget-heading\" data-id=\"cb0ab2b\" data-element_type=\"widget\" data-widget_type=\"heading.default\">\n\t\t\t\t\t<h2 class=\"elementor-heading-title elementor-size-default\">Politique de Confidentialit\u00e9\n<\/h2>\t\t\t\t<\/div>\n\t\t\t\t<div class=\"elementor-element elementor-element-723216be elementor-widget elementor-widget-text-editor\" data-id=\"723216be\" data-element_type=\"widget\" data-widget_type=\"text-editor.default\">\n\t\t\t\t\t\t\t\t\t<p><span style=\"font-weight: 400;\">L\u2019utilisation du site www.dimitriseconomides.com, respecte votre vie priv\u00e9e et vise la transparence. Nous publions cette politique de confidentialit\u00e9 pour vous informer, en des termes clairs, de l\u2019utilisation de vos donn\u00e9es. Notre objectif est de vous fournir des d\u00e9tails sur nos pratiques et les choix que vous pouvez exercer concernant les informations que nous collectons.<\/span><\/p><p><span style=\"font-weight: 400;\">\u00a0<\/span><\/p><p><span style=\"font-weight: 400;\">a) <\/span><b>Collecte et Utilisation des Donn\u00e9es<br \/><\/b><span style=\"font-weight: 400;\">Nous collectons les donn\u00e9es personnelles n\u00e9cessaires (nom, adresse, email) pour traiter vos commandes. Ces donn\u00e9es sont utilis\u00e9es uniquement pour ex\u00e9cuter vos achats et communiquer avec vous.<\/span><\/p><p><span style=\"font-weight: 400;\">b) <\/span><b>Protection des Donn\u00e9es<br \/><\/b><span style=\"font-weight: 400;\">Nous nous engageons \u00e0 s\u00e9curiser vos donn\u00e9es personnelles gr\u00e2ce \u00e0 des technologies de cryptage et autres mesures de s\u00e9curit\u00e9.<\/span><\/p><p><span style=\"font-weight: 400;\">c) <\/span><b>Droits des Utilisateurs<br \/><\/b><span style=\"font-weight: 400;\">Vous avez le droit de demander l\u2019acc\u00e8s, la correction ou la suppression de vos donn\u00e9es, ainsi que de vous opposer \u00e0 leur utilization.<\/span><\/p><p><b>Notre Engagement pour la Protection des Donn\u00e9es Personnelles<\/b><\/p><p><span style=\"font-weight: 400;\">Le site www.dimitriseconomides.com est responsable des donn\u00e9es personnelles que vous nous fournissez. Conform\u00e9ment \u00e0 la l\u00e9gislation en vigueur, www.dimitriseconomides.com est le \u201cresponsable du traitement\u201d de ces donn\u00e9es.<\/span><\/p><p><span style=\"font-weight: 400;\">\u00a0<\/span><\/p><p><b>Utilisation de vos donn\u00e9es personnelles<br \/><br \/>a) <\/b><b>Pour les Transactions<br \/><\/b><span style=\"font-weight: 400;\">Nous utilisons vos donn\u00e9es pour traiter et suivre vos commandes, ainsi que pour garantir un service apr\u00e8s-vente de qualit\u00e9.<\/span><\/p><p><span style=\"font-weight: 400;\"><strong>b<\/strong>) <\/span><b>\u00c0 des Fins Promotionnelles<br \/><\/b><span style=\"font-weight: 400;\">Vos donn\u00e9es sont utilis\u00e9es pour l\u2019envoi d\u2019informations cibl\u00e9es et de suggestions de produits. Avec votre consentement, vous pourriez recevoir des emails pour vous rappeler des articles dans votre panier ou vous informer de la disponibilit\u00e9 d\u2019un produit.<\/span><\/p><p><span style=\"font-weight: 400;\"><strong>c<\/strong>) <\/span><b>\u00c0 des Fins Statistiques<br \/><\/b><span style=\"font-weight: 400;\">Nous r\u00e9alisons des \u00e9tudes statistiques internes sur la fr\u00e9quentation de notre site, les produits et les modes de livraison.<\/span><\/p><p><span style=\"font-weight: 400;\"><strong>d<\/strong>) <\/span><b>Pour le Service Client<br \/><\/b><span style=\"font-weight: 400;\">Vos donn\u00e9es sont utilis\u00e9es pour vous offrir un service client rapide et de qualit\u00e9 en ce qui concerne notre site, nos produits et vos commandes.<\/span><\/p><p><span style=\"font-weight: 400;\"><strong>e)<\/strong> <\/span><b>\u00c0 des Fins de S\u00e9curit\u00e9<br \/><\/b><span style=\"font-weight: 400;\">Il se peut que nous vous demandions un mot de passe pour confirmer votre identit\u00e9.<\/span><\/p><p><span style=\"font-weight: 400;\"><strong>f<\/strong>) <\/span><b>\u00c0 des Fins L\u00e9gales<br \/><\/b><span style=\"font-weight: 400;\">Nous conservons vos donn\u00e9es conform\u00e9ment aux r\u00e9glementations, \u00e0 des fins d\u2019archivage, de conformit\u00e9 ou sur demande judiciaire.<\/span><\/p><p><b>Donn\u00e9es que nous collectons<\/b><\/p><p><span style=\"font-weight: 400;\">Nous collectons des informations de contact, des donn\u00e9es relatives \u00e0 votre compte et \u00e0 vos achats, des donn\u00e9es de navigation sur le site, ainsi que des donn\u00e9es d\u00e9mographiques et de localisation. Pour plus d\u2019informations, vous pouvez g\u00e9rer vos param\u00e8tres depuis votre compte.<\/span><\/p><p><b>Acc\u00e8s \u00e0 vos donn\u00e9es personnelles<\/b><\/p><p><span style=\"font-weight: 400;\">Vos donn\u00e9es ne sont ni vendues ni partag\u00e9es avec des tiers. Seul le personnel du service client et les conseillers de vente de nos magasins y ont acc\u00e8s.<\/span><span style=\"font-weight: 400;\"><br \/><\/span><span style=\"font-weight: 400;\">Pour toute clarification ou modification de vos donn\u00e9es, vous pouvez nous contacter via la page <\/span><span style=\"font-weight: 400;\">www.dimitriseconomides.com<\/span><\/p>\t\t\t\t\t\t\t\t<\/div>\n\t\t\t\t\t<\/div>\n\t\t\t\t<\/div>\n\t\t\t\t<\/div>\n\t\t","protected":false},"excerpt":{"rendered":"<p>Politique de Confidentialit\u00e9 L\u2019utilisation du site www.dimitriseconomides.com, respecte votre vie priv\u00e9e et vise la transparence. Nous publions cette politique de confidentialit\u00e9 pour vous informer, en des termes clairs, de l\u2019utilisation de vos donn\u00e9es. Notre objectif est de vous fournir des d\u00e9tails sur nos pratiques et les choix que vous pouvez exercer concernant les informations que [&hellip;]<\/p>\n","protected":false},"author":1,"featured_media":0,"parent":0,"menu_order":0,"comment_status":"closed","ping_status":"closed","template":"","meta":{"_acf_changed":false,"footnotes":""},"class_list":["post-3599","page","type-page","status-publish","hentry"],"acf":[],"_links":{"self":[{"href":"https:\/\/www.dimitriseconomides.com\/fr\/wp-json\/wp\/v2\/pages\/3599","targetHints":{"allow":["GET"]}}],"collection":[{"href":"https:\/\/www.dimitriseconomides.com\/fr\/wp-json\/wp\/v2\/pages"}],"about":[{"href":"https:\/\/www.dimitriseconomides.com\/fr\/wp-json\/wp\/v2\/types\/page"}],"author":[{"embeddable":true,"href":"https:\/\/www.dimitriseconomides.com\/fr\/wp-json\/wp\/v2\/users\/1"}],"replies":[{"embeddable":true,"href":"https:\/\/www.dimitriseconomides.com\/fr\/wp-json\/wp\/v2\/comments?post=3599"}],"version-history":[{"count":0,"href":"https:\/\/www.dimitriseconomides.com\/fr\/wp-json\/wp\/v2\/pages\/3599\/revisions"}],"wp:attachment":[{"href":"https:\/\/www.dimitriseconomides.com\/fr\/wp-json\/wp\/v2\/media?parent=3599"}],"curies":[{"name":"wp","href":"https:\/\/api.w.org\/{rel}","templated":true}]}}