{"id":3610,"date":"2024-11-19T10:00:00","date_gmt":"2024-11-19T10:00:00","guid":{"rendered":"https:\/\/www.dimitriseconomides.com\/cookies\/"},"modified":"2024-12-13T15:12:23","modified_gmt":"2024-12-13T15:12:23","slug":"cookies","status":"publish","type":"page","link":"https:\/\/www.dimitriseconomides.com\/fr\/cookies\/","title":{"rendered":"Cookies"},"content":{"rendered":"\t\t<div data-elementor-type=\"wp-page\" data-elementor-id=\"3610\" class=\"elementor elementor-3610 elementor-2741\" data-elementor-post-type=\"page\">\n\t\t\t\t<div class=\"elementor-element elementor-element-538b05e e-flex e-con-boxed e-con e-parent\" data-id=\"538b05e\" data-element_type=\"container\">\n\t\t\t\t\t<div class=\"e-con-inner\">\n\t\t\t\t<div class=\"elementor-element elementor-element-9542c13 elementor-widget elementor-widget-heading\" data-id=\"9542c13\" data-element_type=\"widget\" data-widget_type=\"heading.default\">\n\t\t\t\t\t<h2 class=\"elementor-heading-title elementor-size-default\">Politique relative aux cookies<\/h2>\t\t\t\t<\/div>\n\t\t\t\t<div class=\"elementor-element elementor-element-d4fbe82 elementor-widget elementor-widget-text-editor\" data-id=\"d4fbe82\" data-element_type=\"widget\" data-widget_type=\"text-editor.default\">\n\t\t\t\t\t\t\t\t\t<ol><li><b> Utilisation des cookies<\/b><b><br \/><\/b><span style=\"font-weight: 400;\">Nous utilisons des cookies pour am\u00e9liorer votre exp\u00e9rience de navigation et collecter des donn\u00e9es concernant vos pr\u00e9f\u00e9rences.<\/span><\/li><li><b> Gestion des cookies<\/b><b><br \/><\/b><span style=\"font-weight: 400;\">Vous pouvez g\u00e9rer les cookies via les param\u00e8tres de votre navigateur ou les d\u00e9sactiver si vous le souhaitez.<\/span><\/li><\/ol><p><span style=\"font-weight: 400;\">Les cookies sont des fichiers texte plac\u00e9s sur votre appareil (ordinateur, mobile, tablette, etc.) lorsque vous visitez un site web \u00e0 travers votre navigateur. Nous pla\u00e7ons un identifiant unique dans le cookie afin de relier votre appareil aux informations stock\u00e9es dans notre base de donn\u00e9es. Ils contiennent des donn\u00e9es permettant de vous identifier, telles que:<\/span><\/p><ul><li style=\"font-weight: 400;\" aria-level=\"1\"><span style=\"font-weight: 400;\">le nom du serveur qui l\u2019a plac\u00e9,<\/span><\/li><li style=\"font-weight: 400;\" aria-level=\"1\"><span style=\"font-weight: 400;\">un num\u00e9ro d\u2019identification,<\/span><\/li><li style=\"font-weight: 400;\" aria-level=\"1\"><span style=\"font-weight: 400;\">et, dans certains cas, une date d\u2019expiration.<\/span><\/li><\/ul><p><span style=\"font-weight: 400;\">\u00a0<\/span><\/p><p><span style=\"font-weight: 400;\">Les cookies peuvent rester sur votre appareil pendant des p\u00e9riodes diff\u00e9rentes. Certains sont des \u201ccookies de session\u201d et sont supprim\u00e9s automatiquement lorsque vous fermez votre navigateur, tandis que d\u2019autres sont des \u201ccookies permanents\u201d qui restent sur votre appareil, reconnaissant ce dernier lors de vos visites ult\u00e9rieures sur le site. Certains des cookies que nous utilisons sont permanents et n\u00e9cessitent votre consentement, lequel est valide pour une p\u00e9riode allant de 2 jours \u00e0 2 ans. \u00c0 l\u2019expiration de cette p\u00e9riode, votre consentement sera \u00e0 nouveau sollicit\u00e9.<\/span><\/p><p><b>Comment g\u00e9rer les cookies<\/b><\/p><p><span style=\"font-weight: 400;\">Lors de votre premi\u00e8re visite sur notre site, une banni\u00e8re d\u2019information appara\u00eet en bas de la page. En continuant \u00e0 naviguer ou en cliquant sur \u201cJ\u2019accepte\u201d, vous consentez \u00e0 l\u2019utilisation de cookies sur votre appareil \u00e0 des fins telles que la publicit\u00e9 cibl\u00e9e et la mesure d\u2019audience. La banni\u00e8re reste affich\u00e9e jusqu\u2019\u00e0 ce que vous choisissiez de poursuivre votre navigation ou de passer \u00e0 une autre page.<\/span><\/p><p><span style=\"font-weight: 400;\">Vous pouvez modifier les param\u00e8tres de votre navigateur \u00e0 tout moment pour accepter, configurer ou refuser les cookies. Vos options incluent l\u2019acceptation de tous les cookies, la notification lorsqu\u2019un cookie est d\u00e9pos\u00e9, ou le refus de tous les cookies.<\/span><\/p><p><span style=\"font-weight: 400;\">Chaque navigateur offre des param\u00e8tres diff\u00e9rents pour la gestion des cookies, g\u00e9n\u00e9ralement accessibles dans le menu \u201cAide\u201d du navigateur (Firefox, Chrome, Safari, etc.). Si vous refusez les cookies de session ou de fonctionnalit\u00e9, certaines caract\u00e9ristiques du site peuvent \u00eatre d\u00e9sactiv\u00e9es. Dans ce cas, nous ne pouvons \u00eatre tenus responsables des probl\u00e8mes de fonctionnalit\u00e9 r\u00e9sultant de vos param\u00e8tres.<\/span><\/p><p><span style=\"font-weight: 400;\">Enfin, si vous avez d\u00e9sactiv\u00e9 un cookie, nous pouvons continuer \u00e0 utiliser les informations collect\u00e9es avant cette d\u00e9sactivation, mais nous cessons de collecter de nouvelles donn\u00e9es via ce cookie d\u00e9sactiv\u00e9.<\/span><span style=\"font-weight: 400;\">\u00a0<\/span><\/p><p><span style=\"font-weight: 400;\">__________________________________________<\/span><\/p><p><b>Politique d\u2019annulation et de retour<\/b><\/p><ol><li><b> Annulation des commandes<\/b><b><br \/><\/b><span style=\"font-weight: 400;\">Les commandes peuvent \u00eatre annul\u00e9es dans un d\u00e9lai de 24 heures suivant leur soumission, sans frais suppl\u00e9mentaires.<\/span><\/li><li><b> Retour des produits<\/b><b><br \/><\/b><span style=\"font-weight: 400;\">Pour des raisons d\u2019hygi\u00e8ne, les retours de produits alimentaires ne sont pas autoris\u00e9s. Toutefois, si un produit est livr\u00e9 en mauvais \u00e9tat, veuillez nous contacter dans un d\u00e9lai de 24 heures pour un remplacement.<\/span><\/li><li><b> Remboursements<\/b><b><br \/><\/b><span style=\"font-weight: 400;\">Les remboursements sont effectu\u00e9s uniquement dans les cas suivants : indisponibilit\u00e9 des produits ou annulation de commande avant l\u2019exp\u00e9dition.<\/span><\/li><\/ol>\t\t\t\t\t\t\t\t<\/div>\n\t\t\t\t\t<\/div>\n\t\t\t\t<\/div>\n\t\t\t\t<\/div>\n\t\t","protected":false},"excerpt":{"rendered":"<p>Politique relative aux cookies Utilisation des cookiesNous utilisons des cookies pour am\u00e9liorer votre exp\u00e9rience de navigation et collecter des donn\u00e9es concernant vos pr\u00e9f\u00e9rences. Gestion des cookiesVous pouvez g\u00e9rer les cookies via les param\u00e8tres de votre navigateur ou les d\u00e9sactiver si vous le souhaitez. Les cookies sont des fichiers texte plac\u00e9s sur votre appareil (ordinateur, mobile, [&hellip;]<\/p>\n","protected":false},"author":1,"featured_media":0,"parent":0,"menu_order":0,"comment_status":"closed","ping_status":"closed","template":"","meta":{"_acf_changed":false,"footnotes":""},"class_list":["post-3610","page","type-page","status-publish","hentry"],"acf":[],"_links":{"self":[{"href":"https:\/\/www.dimitriseconomides.com\/fr\/wp-json\/wp\/v2\/pages\/3610","targetHints":{"allow":["GET"]}}],"collection":[{"href":"https:\/\/www.dimitriseconomides.com\/fr\/wp-json\/wp\/v2\/pages"}],"about":[{"href":"https:\/\/www.dimitriseconomides.com\/fr\/wp-json\/wp\/v2\/types\/page"}],"author":[{"embeddable":true,"href":"https:\/\/www.dimitriseconomides.com\/fr\/wp-json\/wp\/v2\/users\/1"}],"replies":[{"embeddable":true,"href":"https:\/\/www.dimitriseconomides.com\/fr\/wp-json\/wp\/v2\/comments?post=3610"}],"version-history":[{"count":0,"href":"https:\/\/www.dimitriseconomides.com\/fr\/wp-json\/wp\/v2\/pages\/3610\/revisions"}],"wp:attachment":[{"href":"https:\/\/www.dimitriseconomides.com\/fr\/wp-json\/wp\/v2\/media?parent=3610"}],"curies":[{"name":"wp","href":"https:\/\/api.w.org\/{rel}","templated":true}]}}