{"id":2578,"date":"2024-07-25T14:22:54","date_gmt":"2024-07-25T14:22:54","guid":{"rendered":"https:\/\/www.dimitriseconomides.com\/product\/framboise-2\/"},"modified":"2024-12-12T10:57:40","modified_gmt":"2024-12-12T10:57:40","slug":"framboise-2","status":"publish","type":"product","link":"https:\/\/www.dimitriseconomides.com\/fr\/product\/framboise-2\/","title":{"rendered":"FRAMBOISE"},"content":{"rendered":"<div>Biscuit au beurre, cr\u00e8me d&rsquo;amande, cr\u00e9meux \u00e0 la framboise, compote de framboises, framboises fra\u00eeches.<\/div>\n<div><\/div>\n","protected":false},"excerpt":{"rendered":"<p>Biscuit au beurre, cr\u00e8me d&rsquo;amande, cr\u00e9meux \u00e0 la framboise, compote de framboises, framboises fra\u00eeches.<\/p>\n","protected":false},"featured_media":2223,"template":"","meta":{"_acf_changed":false},"product_brand":[],"product_cat":[72],"product_tag":[],"class_list":{"0":"post-2578","1":"product","2":"type-product","3":"status-publish","4":"has-post-thumbnail","6":"product_cat-patisseries","7":"pa_size-individual-fr","8":"pa_size-8-10-servings-fr","10":"first","11":"instock","12":"shipping-taxable","13":"purchasable","14":"product-type-variable"},"acf":[],"_links":{"self":[{"href":"https:\/\/www.dimitriseconomides.com\/fr\/wp-json\/wp\/v2\/product\/2578","targetHints":{"allow":["GET"]}}],"collection":[{"href":"https:\/\/www.dimitriseconomides.com\/fr\/wp-json\/wp\/v2\/product"}],"about":[{"href":"https:\/\/www.dimitriseconomides.com\/fr\/wp-json\/wp\/v2\/types\/product"}],"wp:featuredmedia":[{"embeddable":true,"href":"https:\/\/www.dimitriseconomides.com\/fr\/wp-json\/wp\/v2\/media\/2223"}],"wp:attachment":[{"href":"https:\/\/www.dimitriseconomides.com\/fr\/wp-json\/wp\/v2\/media?parent=2578"}],"wp:term":[{"taxonomy":"product_brand","embeddable":true,"href":"https:\/\/www.dimitriseconomides.com\/fr\/wp-json\/wp\/v2\/product_brand?post=2578"},{"taxonomy":"product_cat","embeddable":true,"href":"https:\/\/www.dimitriseconomides.com\/fr\/wp-json\/wp\/v2\/product_cat?post=2578"},{"taxonomy":"product_tag","embeddable":true,"href":"https:\/\/www.dimitriseconomides.com\/fr\/wp-json\/wp\/v2\/product_tag?post=2578"}],"curies":[{"name":"wp","href":"https:\/\/api.w.org\/{rel}","templated":true}]}}