{"id":2588,"date":"2023-07-24T11:38:03","date_gmt":"2023-07-24T08:38:03","guid":{"rendered":"https:\/\/www.dimitriseconomides.com\/product\/bouchee\/"},"modified":"2024-12-12T11:20:17","modified_gmt":"2024-12-12T11:20:17","slug":"bouchee","status":"publish","type":"product","link":"https:\/\/www.dimitriseconomides.com\/fr\/product\/bouchee\/","title":{"rendered":"BOUCHEE"},"content":{"rendered":"<p>Sabl\u00e9 Breton, Pralin\u00e9 Amande-Coco, Chocolat au Lait.<\/p>\n<p>Pi\u00e8ce:<\/p>\n","protected":false},"excerpt":{"rendered":"<p>Sabl\u00e9 Breton, Pralin\u00e9 Amande-Coco, Chocolat au Lait. Pi\u00e8ce:<\/p>\n","protected":false},"featured_media":2469,"template":"","meta":{"_acf_changed":false},"product_brand":[],"product_cat":[74],"product_tag":[],"class_list":{"0":"post-2588","1":"product","2":"type-product","3":"status-publish","4":"has-post-thumbnail","6":"product_cat-chocolat","8":"first","9":"instock","10":"shipping-taxable","11":"purchasable","12":"product-type-simple"},"acf":[],"_links":{"self":[{"href":"https:\/\/www.dimitriseconomides.com\/fr\/wp-json\/wp\/v2\/product\/2588","targetHints":{"allow":["GET"]}}],"collection":[{"href":"https:\/\/www.dimitriseconomides.com\/fr\/wp-json\/wp\/v2\/product"}],"about":[{"href":"https:\/\/www.dimitriseconomides.com\/fr\/wp-json\/wp\/v2\/types\/product"}],"wp:featuredmedia":[{"embeddable":true,"href":"https:\/\/www.dimitriseconomides.com\/fr\/wp-json\/wp\/v2\/media\/2469"}],"wp:attachment":[{"href":"https:\/\/www.dimitriseconomides.com\/fr\/wp-json\/wp\/v2\/media?parent=2588"}],"wp:term":[{"taxonomy":"product_brand","embeddable":true,"href":"https:\/\/www.dimitriseconomides.com\/fr\/wp-json\/wp\/v2\/product_brand?post=2588"},{"taxonomy":"product_cat","embeddable":true,"href":"https:\/\/www.dimitriseconomides.com\/fr\/wp-json\/wp\/v2\/product_cat?post=2588"},{"taxonomy":"product_tag","embeddable":true,"href":"https:\/\/www.dimitriseconomides.com\/fr\/wp-json\/wp\/v2\/product_tag?post=2588"}],"curies":[{"name":"wp","href":"https:\/\/api.w.org\/{rel}","templated":true}]}}