{"id":2596,"date":"2024-07-24T10:38:30","date_gmt":"2024-07-24T10:38:30","guid":{"rendered":"https:\/\/www.dimitriseconomides.com\/product\/lovely-bear\/"},"modified":"2025-09-24T20:48:57","modified_gmt":"2025-09-24T17:48:57","slug":"lovely-bear","status":"publish","type":"product","link":"https:\/\/www.dimitriseconomides.com\/fr\/product\/lovely-bear\/","title":{"rendered":"LOVELY BEAR"},"content":{"rendered":"<p>Chocolat Sao Tom\u00e9-P\u00e9rou, Pralin\u00e9 Amande-Vanille.<\/p>\n<p>Grand:<\/p>\n","protected":false},"excerpt":{"rendered":"<p>Chocolat Sao Tom\u00e9-P\u00e9rou, Pralin\u00e9 Amande-Vanille. Grand:<\/p>\n","protected":false},"featured_media":2839,"template":"","meta":{"_acf_changed":false},"product_brand":[],"product_cat":[74],"product_tag":[],"class_list":{"0":"post-2596","1":"product","2":"type-product","3":"status-publish","4":"has-post-thumbnail","6":"product_cat-chocolat","8":"first","9":"instock","10":"shipping-taxable","11":"purchasable","12":"product-type-simple"},"acf":[],"_links":{"self":[{"href":"https:\/\/www.dimitriseconomides.com\/fr\/wp-json\/wp\/v2\/product\/2596","targetHints":{"allow":["GET"]}}],"collection":[{"href":"https:\/\/www.dimitriseconomides.com\/fr\/wp-json\/wp\/v2\/product"}],"about":[{"href":"https:\/\/www.dimitriseconomides.com\/fr\/wp-json\/wp\/v2\/types\/product"}],"wp:featuredmedia":[{"embeddable":true,"href":"https:\/\/www.dimitriseconomides.com\/fr\/wp-json\/wp\/v2\/media\/2839"}],"wp:attachment":[{"href":"https:\/\/www.dimitriseconomides.com\/fr\/wp-json\/wp\/v2\/media?parent=2596"}],"wp:term":[{"taxonomy":"product_brand","embeddable":true,"href":"https:\/\/www.dimitriseconomides.com\/fr\/wp-json\/wp\/v2\/product_brand?post=2596"},{"taxonomy":"product_cat","embeddable":true,"href":"https:\/\/www.dimitriseconomides.com\/fr\/wp-json\/wp\/v2\/product_cat?post=2596"},{"taxonomy":"product_tag","embeddable":true,"href":"https:\/\/www.dimitriseconomides.com\/fr\/wp-json\/wp\/v2\/product_tag?post=2596"}],"curies":[{"name":"wp","href":"https:\/\/api.w.org\/{rel}","templated":true}]}}