{"id":2644,"date":"2024-07-23T13:42:58","date_gmt":"2024-07-23T13:42:58","guid":{"rendered":"https:\/\/www.dimitriseconomides.com\/product\/millefeuille\/"},"modified":"2024-12-12T14:32:58","modified_gmt":"2024-12-12T14:32:58","slug":"millefeuille","status":"publish","type":"product","link":"https:\/\/www.dimitriseconomides.com\/fr\/product\/millefeuille\/","title":{"rendered":"MILLEFEUILLE"},"content":{"rendered":"<p>P\u00e2te Feuillet\u00e9e Caram\u00e9lis\u00e9e, Caramel, Ganache A\u00e9rienne Vanille.<\/p>\n","protected":false},"excerpt":{"rendered":"<p>P\u00e2te Feuillet\u00e9e Caram\u00e9lis\u00e9e, Caramel, Ganache A\u00e9rienne Vanille.<\/p>\n","protected":false},"featured_media":2887,"template":"","meta":{"_acf_changed":false},"product_brand":[],"product_cat":[72],"product_tag":[],"class_list":{"0":"post-2644","1":"product","2":"type-product","3":"status-publish","4":"has-post-thumbnail","6":"product_cat-patisseries","7":"pa_size-individual-fr","9":"first","10":"instock","11":"shipping-taxable","12":"purchasable","13":"product-type-simple"},"acf":[],"_links":{"self":[{"href":"https:\/\/www.dimitriseconomides.com\/fr\/wp-json\/wp\/v2\/product\/2644","targetHints":{"allow":["GET"]}}],"collection":[{"href":"https:\/\/www.dimitriseconomides.com\/fr\/wp-json\/wp\/v2\/product"}],"about":[{"href":"https:\/\/www.dimitriseconomides.com\/fr\/wp-json\/wp\/v2\/types\/product"}],"wp:featuredmedia":[{"embeddable":true,"href":"https:\/\/www.dimitriseconomides.com\/fr\/wp-json\/wp\/v2\/media\/2887"}],"wp:attachment":[{"href":"https:\/\/www.dimitriseconomides.com\/fr\/wp-json\/wp\/v2\/media?parent=2644"}],"wp:term":[{"taxonomy":"product_brand","embeddable":true,"href":"https:\/\/www.dimitriseconomides.com\/fr\/wp-json\/wp\/v2\/product_brand?post=2644"},{"taxonomy":"product_cat","embeddable":true,"href":"https:\/\/www.dimitriseconomides.com\/fr\/wp-json\/wp\/v2\/product_cat?post=2644"},{"taxonomy":"product_tag","embeddable":true,"href":"https:\/\/www.dimitriseconomides.com\/fr\/wp-json\/wp\/v2\/product_tag?post=2644"}],"curies":[{"name":"wp","href":"https:\/\/api.w.org\/{rel}","templated":true}]}}