{"id":2646,"date":"2024-07-23T13:25:44","date_gmt":"2024-07-23T10:25:44","guid":{"rendered":"https:\/\/www.dimitriseconomides.com\/product\/yuzu-%ce%b2%ce%b1%ce%bd%ce%b9%ce%bb%ce%b9%ce%b1\/"},"modified":"2024-12-12T14:39:25","modified_gmt":"2024-12-12T14:39:25","slug":"yuzu-%ce%b2%ce%b1%ce%bd%ce%b9%ce%bb%ce%b9%ce%b1","status":"publish","type":"product","link":"https:\/\/www.dimitriseconomides.com\/fr\/product\/yuzu-%ce%b2%ce%b1%ce%bd%ce%b9%ce%bb%ce%b9%ce%b1\/","title":{"rendered":"YUZU VANILLE"},"content":{"rendered":"<p>Biscuit Beurre, Frangipane, Pralin\u00e9 Croquant Amande, Cr\u00e9meux Citron, Confit Citron, Ganache A\u00e9rienne Yuzu-Vanille.<\/p>\n","protected":false},"excerpt":{"rendered":"<p>Biscuit Beurre, Frangipane, Pralin\u00e9 Croquant Amande, Cr\u00e9meux Citron, Confit Citron, Ganache A\u00e9rienne Yuzu-Vanille.<\/p>\n","protected":false},"featured_media":2383,"template":"","meta":{"_acf_changed":false},"product_brand":[],"product_cat":[72],"product_tag":[],"class_list":{"0":"post-2646","1":"product","2":"type-product","3":"status-publish","4":"has-post-thumbnail","6":"product_cat-patisseries","7":"pa_size-individual-fr","8":"pa_size-8-10-servings-fr","10":"first","11":"instock","12":"shipping-taxable","13":"purchasable","14":"product-type-variable"},"acf":[],"_links":{"self":[{"href":"https:\/\/www.dimitriseconomides.com\/fr\/wp-json\/wp\/v2\/product\/2646","targetHints":{"allow":["GET"]}}],"collection":[{"href":"https:\/\/www.dimitriseconomides.com\/fr\/wp-json\/wp\/v2\/product"}],"about":[{"href":"https:\/\/www.dimitriseconomides.com\/fr\/wp-json\/wp\/v2\/types\/product"}],"wp:featuredmedia":[{"embeddable":true,"href":"https:\/\/www.dimitriseconomides.com\/fr\/wp-json\/wp\/v2\/media\/2383"}],"wp:attachment":[{"href":"https:\/\/www.dimitriseconomides.com\/fr\/wp-json\/wp\/v2\/media?parent=2646"}],"wp:term":[{"taxonomy":"product_brand","embeddable":true,"href":"https:\/\/www.dimitriseconomides.com\/fr\/wp-json\/wp\/v2\/product_brand?post=2646"},{"taxonomy":"product_cat","embeddable":true,"href":"https:\/\/www.dimitriseconomides.com\/fr\/wp-json\/wp\/v2\/product_cat?post=2646"},{"taxonomy":"product_tag","embeddable":true,"href":"https:\/\/www.dimitriseconomides.com\/fr\/wp-json\/wp\/v2\/product_tag?post=2646"}],"curies":[{"name":"wp","href":"https:\/\/api.w.org\/{rel}","templated":true}]}}