{"id":2650,"date":"2024-07-05T09:55:45","date_gmt":"2024-07-05T06:55:45","guid":{"rendered":"https:\/\/www.dimitriseconomides.com\/product\/test-seminar-1\/"},"modified":"2024-12-18T14:34:21","modified_gmt":"2024-12-18T14:34:21","slug":"seminar-a","status":"publish","type":"product","link":"https:\/\/www.dimitriseconomides.com\/fr\/product\/seminar-a\/","title":{"rendered":"Exp\u00e9rience Masterclass Chocolat"},"content":{"rendered":"<p><strong>Aper\u00e7u<\/strong>:<br \/>\nPlongez dans l\u2019art et la science du chocolat gr\u00e2ce \u00e0 une exp\u00e9rience exclusive et pratique con\u00e7ue pour \u00e9veiller vos sens. Anim\u00e9e par le c\u00e9l\u00e8bre chocolatier Dimitris Economides et mettant en avant les chocolats les plus raffin\u00e9s au monde\u2014r\u00e9serv\u00e9s exclusivement aux<br \/>\nprofessionnels\u2014cette masterclass vous immerge dans l\u2019univers de la cr\u00e9ation de d\u00e9lices chocolat\u00e9s, depuis les mati\u00e8res premi\u00e8res jusqu\u2019aux chefs-d\u2019\u0153uvre finis. Parfaite pour les amateurs de chocolat, les aspirants p\u00e2tissiers et tous ceux qui souhaitent d\u00e9couvrir les subtilit\u00e9s du chocolat d\u2019exception.<\/p>\n<p><strong>Moments-cl\u00e9s de l\u2019exp\u00e9rience:<br \/>\n<\/strong><br \/>\n<strong>\u25cfAccueil &amp; Introduction<\/strong><br \/>\nCommencez avec notre accueil chaleureux signature, comprenant une d\u00e9gustation d\u2019une boisson chocolat\u00e9e exclusive et d\u2019une praline. Les invit\u00e9s profiteront d\u2019une visite priv\u00e9e, explorant les recoins cach\u00e9s de la boutique de Dimitris Economides, y compris son laboratoire ultramoderne.<\/p>\n<p><strong>\u25cfOrigines des f\u00e8ves de cacao &amp;amp; D\u00e9gustation<\/strong><br \/>\nD\u00e9couvrez l\u2019histoire riche du cacao et les saveurs uniques issues de diverses r\u00e9gions. Les participants auront l\u2019occasion de go\u00fbter des chocolats de diff\u00e9rentes origines, en explorant les subtilit\u00e9s du terroir et son influence sur chaque cr\u00e9ation.<\/p>\n<p><strong>\u25cfD\u00e9monstration de temp\u00e9rage du chocolat<\/strong><br \/>\nApprenez l\u2019art du temp\u00e9rage et son r\u00f4le dans l\u2019obtention de textures id\u00e9ales et d\u2019un \u00e9clat parfait. Participez \u00e0 une d\u00e9monstration pratique o\u00f9 vous pourrez temp\u00e9rer le chocolat vous- m\u00eame et exp\u00e9rimenter ce savoir-faire unique.<\/p>\n<p><strong>\u25cfEt de nombreuses autres surprises&#8230;<\/strong><\/p>\n","protected":false},"excerpt":{"rendered":"<p>Aper\u00e7u: Plongez dans l\u2019art et la science du chocolat gr\u00e2ce \u00e0 une exp\u00e9rience exclusive et pratique con\u00e7ue pour \u00e9veiller vos sens. Anim\u00e9e par le c\u00e9l\u00e8bre chocolatier Dimitris Economides et mettant en avant les chocolats les plus raffin\u00e9s au monde\u2014r\u00e9serv\u00e9s exclusivement aux professionnels\u2014cette masterclass vous immerge dans l\u2019univers de la cr\u00e9ation de d\u00e9lices chocolat\u00e9s, depuis les [&hellip;]<\/p>\n","protected":false},"featured_media":2765,"template":"","meta":{"_acf_changed":false},"product_brand":[],"product_cat":[93],"product_tag":[],"class_list":{"0":"post-2650","1":"product","2":"type-product","3":"status-publish","4":"has-post-thumbnail","6":"product_cat-seminars-fr","8":"first","9":"outofstock","10":"downloadable","11":"shipping-taxable","12":"purchasable","13":"product-type-simple"},"acf":[],"_links":{"self":[{"href":"https:\/\/www.dimitriseconomides.com\/fr\/wp-json\/wp\/v2\/product\/2650","targetHints":{"allow":["GET"]}}],"collection":[{"href":"https:\/\/www.dimitriseconomides.com\/fr\/wp-json\/wp\/v2\/product"}],"about":[{"href":"https:\/\/www.dimitriseconomides.com\/fr\/wp-json\/wp\/v2\/types\/product"}],"wp:featuredmedia":[{"embeddable":true,"href":"https:\/\/www.dimitriseconomides.com\/fr\/wp-json\/wp\/v2\/media\/2765"}],"wp:attachment":[{"href":"https:\/\/www.dimitriseconomides.com\/fr\/wp-json\/wp\/v2\/media?parent=2650"}],"wp:term":[{"taxonomy":"product_brand","embeddable":true,"href":"https:\/\/www.dimitriseconomides.com\/fr\/wp-json\/wp\/v2\/product_brand?post=2650"},{"taxonomy":"product_cat","embeddable":true,"href":"https:\/\/www.dimitriseconomides.com\/fr\/wp-json\/wp\/v2\/product_cat?post=2650"},{"taxonomy":"product_tag","embeddable":true,"href":"https:\/\/www.dimitriseconomides.com\/fr\/wp-json\/wp\/v2\/product_tag?post=2650"}],"curies":[{"name":"wp","href":"https:\/\/api.w.org\/{rel}","templated":true}]}}