{"id":2658,"date":"2024-06-18T09:31:15","date_gmt":"2024-06-18T09:31:15","guid":{"rendered":"https:\/\/www.dimitriseconomides.com\/product\/santo-domingo\/"},"modified":"2024-12-16T11:38:46","modified_gmt":"2024-12-16T11:38:46","slug":"santo-domingo","status":"publish","type":"product","link":"https:\/\/www.dimitriseconomides.com\/fr\/product\/santo-domingo\/","title":{"rendered":"P\u00c9ROU"},"content":{"rendered":"<div>Dacquoise aux Noisettes, Pralin\u00e9 Croquant, Cr\u00e9meux Chocolat, Mousse Chocolat, Feuilles de Chocolat.<\/div>\n<div><\/div>\n","protected":false},"excerpt":{"rendered":"<p>Dacquoise aux Noisettes, Pralin\u00e9 Croquant, Cr\u00e9meux Chocolat, Mousse Chocolat, Feuilles de Chocolat.<\/p>\n","protected":false},"featured_media":2874,"template":"","meta":{"_acf_changed":false},"product_brand":[],"product_cat":[72],"product_tag":[],"class_list":{"0":"post-2658","1":"product","2":"type-product","3":"status-publish","4":"has-post-thumbnail","6":"product_cat-patisseries","7":"pa_size-individual-fr","8":"pa_size-8-10-servings-fr","10":"first","11":"instock","12":"shipping-taxable","13":"purchasable","14":"product-type-variable"},"acf":[],"_links":{"self":[{"href":"https:\/\/www.dimitriseconomides.com\/fr\/wp-json\/wp\/v2\/product\/2658","targetHints":{"allow":["GET"]}}],"collection":[{"href":"https:\/\/www.dimitriseconomides.com\/fr\/wp-json\/wp\/v2\/product"}],"about":[{"href":"https:\/\/www.dimitriseconomides.com\/fr\/wp-json\/wp\/v2\/types\/product"}],"wp:featuredmedia":[{"embeddable":true,"href":"https:\/\/www.dimitriseconomides.com\/fr\/wp-json\/wp\/v2\/media\/2874"}],"wp:attachment":[{"href":"https:\/\/www.dimitriseconomides.com\/fr\/wp-json\/wp\/v2\/media?parent=2658"}],"wp:term":[{"taxonomy":"product_brand","embeddable":true,"href":"https:\/\/www.dimitriseconomides.com\/fr\/wp-json\/wp\/v2\/product_brand?post=2658"},{"taxonomy":"product_cat","embeddable":true,"href":"https:\/\/www.dimitriseconomides.com\/fr\/wp-json\/wp\/v2\/product_cat?post=2658"},{"taxonomy":"product_tag","embeddable":true,"href":"https:\/\/www.dimitriseconomides.com\/fr\/wp-json\/wp\/v2\/product_tag?post=2658"}],"curies":[{"name":"wp","href":"https:\/\/api.w.org\/{rel}","templated":true}]}}