{"id":2664,"date":"2024-05-29T11:20:32","date_gmt":"2024-05-29T11:20:32","guid":{"rendered":"https:\/\/www.dimitriseconomides.com\/product\/black-forest\/"},"modified":"2024-12-16T10:42:38","modified_gmt":"2024-12-16T10:42:38","slug":"black-forest","status":"publish","type":"product","link":"https:\/\/www.dimitriseconomides.com\/fr\/product\/black-forest\/","title":{"rendered":"FOR\u00caT-NOIRE"},"content":{"rendered":"<p>Biscuit Cacao, Confiture de Griotte, Cr\u00e9meux Chocolat Indon\u00e9sie, Feuilles de Chocolat, Mousse Vanille.<\/p>\n","protected":false},"excerpt":{"rendered":"<p>Biscuit Cacao, Confiture de Griotte, Cr\u00e9meux Chocolat Indon\u00e9sie, Feuilles de Chocolat, Mousse Vanille.<\/p>\n","protected":false},"featured_media":5412,"template":"","meta":{"_acf_changed":false},"product_brand":[],"product_cat":[72],"product_tag":[],"class_list":{"0":"post-2664","1":"product","2":"type-product","3":"status-publish","4":"has-post-thumbnail","6":"product_cat-patisseries","7":"pa_size-individual-fr","8":"pa_size-8-10-servings-fr","10":"first","11":"instock","12":"shipping-taxable","13":"purchasable","14":"product-type-variable","15":"has-default-attributes"},"acf":[],"_links":{"self":[{"href":"https:\/\/www.dimitriseconomides.com\/fr\/wp-json\/wp\/v2\/product\/2664","targetHints":{"allow":["GET"]}}],"collection":[{"href":"https:\/\/www.dimitriseconomides.com\/fr\/wp-json\/wp\/v2\/product"}],"about":[{"href":"https:\/\/www.dimitriseconomides.com\/fr\/wp-json\/wp\/v2\/types\/product"}],"wp:featuredmedia":[{"embeddable":true,"href":"https:\/\/www.dimitriseconomides.com\/fr\/wp-json\/wp\/v2\/media\/5412"}],"wp:attachment":[{"href":"https:\/\/www.dimitriseconomides.com\/fr\/wp-json\/wp\/v2\/media?parent=2664"}],"wp:term":[{"taxonomy":"product_brand","embeddable":true,"href":"https:\/\/www.dimitriseconomides.com\/fr\/wp-json\/wp\/v2\/product_brand?post=2664"},{"taxonomy":"product_cat","embeddable":true,"href":"https:\/\/www.dimitriseconomides.com\/fr\/wp-json\/wp\/v2\/product_cat?post=2664"},{"taxonomy":"product_tag","embeddable":true,"href":"https:\/\/www.dimitriseconomides.com\/fr\/wp-json\/wp\/v2\/product_tag?post=2664"}],"curies":[{"name":"wp","href":"https:\/\/api.w.org\/{rel}","templated":true}]}}