{"id":2668,"date":"2024-05-27T13:14:19","date_gmt":"2024-05-27T13:14:19","guid":{"rendered":"https:\/\/www.dimitriseconomides.com\/product\/tropical\/"},"modified":"2024-12-13T09:22:24","modified_gmt":"2024-12-13T09:22:24","slug":"tropical","status":"publish","type":"product","link":"https:\/\/www.dimitriseconomides.com\/fr\/product\/tropical\/","title":{"rendered":"TROPICAL"},"content":{"rendered":"<div>\n<div>Dacquoise \u00e0 l&amp;#39;Amande, Ananas Caram\u00e9lis\u00e9, Cr\u00e9meux Passion Fruit &#8211; Mangue &#8211; Citron Vert, Mousse Noix de Coco, Confit Passion Fruit &#8211; Mangue &#8211; Litchi.<\/div>\n<div><\/div>\n<\/div>\n<div><strong><i>*Gluten Free<\/i><\/strong><\/div>\n","protected":false},"excerpt":{"rendered":"<p>Dacquoise \u00e0 l&amp;#39;Amande, Ananas Caram\u00e9lis\u00e9, Cr\u00e9meux Passion Fruit &#8211; Mangue &#8211; Citron Vert, Mousse Noix de Coco, Confit Passion Fruit &#8211; Mangue &#8211; Litchi. *Gluten Free<\/p>\n","protected":false},"featured_media":2315,"template":"","meta":{"_acf_changed":false},"product_brand":[],"product_cat":[72],"product_tag":[],"class_list":{"0":"post-2668","1":"product","2":"type-product","3":"status-publish","4":"has-post-thumbnail","6":"product_cat-patisseries","7":"pa_size-individual-fr","8":"pa_size-8-10-servings-fr","10":"first","11":"instock","12":"shipping-taxable","13":"purchasable","14":"product-type-variable"},"acf":[],"_links":{"self":[{"href":"https:\/\/www.dimitriseconomides.com\/fr\/wp-json\/wp\/v2\/product\/2668","targetHints":{"allow":["GET"]}}],"collection":[{"href":"https:\/\/www.dimitriseconomides.com\/fr\/wp-json\/wp\/v2\/product"}],"about":[{"href":"https:\/\/www.dimitriseconomides.com\/fr\/wp-json\/wp\/v2\/types\/product"}],"wp:featuredmedia":[{"embeddable":true,"href":"https:\/\/www.dimitriseconomides.com\/fr\/wp-json\/wp\/v2\/media\/2315"}],"wp:attachment":[{"href":"https:\/\/www.dimitriseconomides.com\/fr\/wp-json\/wp\/v2\/media?parent=2668"}],"wp:term":[{"taxonomy":"product_brand","embeddable":true,"href":"https:\/\/www.dimitriseconomides.com\/fr\/wp-json\/wp\/v2\/product_brand?post=2668"},{"taxonomy":"product_cat","embeddable":true,"href":"https:\/\/www.dimitriseconomides.com\/fr\/wp-json\/wp\/v2\/product_cat?post=2668"},{"taxonomy":"product_tag","embeddable":true,"href":"https:\/\/www.dimitriseconomides.com\/fr\/wp-json\/wp\/v2\/product_tag?post=2668"}],"curies":[{"name":"wp","href":"https:\/\/api.w.org\/{rel}","templated":true}]}}