{"id":2670,"date":"2024-05-27T13:11:24","date_gmt":"2024-05-27T13:11:24","guid":{"rendered":"https:\/\/www.dimitriseconomides.com\/product\/%ce%b1%ce%bc%cf%85%ce%b3%ce%b4%ce%ac%ce%bb%ce%bf%cf%85\/"},"modified":"2024-12-13T09:26:02","modified_gmt":"2024-12-13T09:26:02","slug":"%ce%b1%ce%bc%cf%85%ce%b3%ce%b4%ce%ac%ce%bb%ce%bf%cf%85","status":"publish","type":"product","link":"https:\/\/www.dimitriseconomides.com\/fr\/product\/%ce%b1%ce%bc%cf%85%ce%b3%ce%b4%ce%ac%ce%bb%ce%bf%cf%85\/","title":{"rendered":"AMANDE"},"content":{"rendered":"<div>Dacquoise \u00e0 l&rsquo;Amande, Pralin\u00e9 Amandes Croquant, Cr\u00e9meux Amande, Mousse Vanille.<\/div>\n","protected":false},"excerpt":{"rendered":"<p>Dacquoise \u00e0 l&rsquo;Amande, Pralin\u00e9 Amandes Croquant, Cr\u00e9meux Amande, Mousse Vanille.<\/p>\n","protected":false},"featured_media":2219,"template":"","meta":{"_acf_changed":false},"product_brand":[],"product_cat":[72],"product_tag":[],"class_list":{"0":"post-2670","1":"product","2":"type-product","3":"status-publish","4":"has-post-thumbnail","6":"product_cat-patisseries","7":"pa_size-individual-fr","8":"pa_size-8-10-servings-fr","10":"first","11":"instock","12":"shipping-taxable","13":"purchasable","14":"product-type-variable"},"acf":[],"_links":{"self":[{"href":"https:\/\/www.dimitriseconomides.com\/fr\/wp-json\/wp\/v2\/product\/2670","targetHints":{"allow":["GET"]}}],"collection":[{"href":"https:\/\/www.dimitriseconomides.com\/fr\/wp-json\/wp\/v2\/product"}],"about":[{"href":"https:\/\/www.dimitriseconomides.com\/fr\/wp-json\/wp\/v2\/types\/product"}],"wp:featuredmedia":[{"embeddable":true,"href":"https:\/\/www.dimitriseconomides.com\/fr\/wp-json\/wp\/v2\/media\/2219"}],"wp:attachment":[{"href":"https:\/\/www.dimitriseconomides.com\/fr\/wp-json\/wp\/v2\/media?parent=2670"}],"wp:term":[{"taxonomy":"product_brand","embeddable":true,"href":"https:\/\/www.dimitriseconomides.com\/fr\/wp-json\/wp\/v2\/product_brand?post=2670"},{"taxonomy":"product_cat","embeddable":true,"href":"https:\/\/www.dimitriseconomides.com\/fr\/wp-json\/wp\/v2\/product_cat?post=2670"},{"taxonomy":"product_tag","embeddable":true,"href":"https:\/\/www.dimitriseconomides.com\/fr\/wp-json\/wp\/v2\/product_tag?post=2670"}],"curies":[{"name":"wp","href":"https:\/\/api.w.org\/{rel}","templated":true}]}}