{"id":2676,"date":"2024-05-27T13:05:46","date_gmt":"2024-05-27T10:05:46","guid":{"rendered":"https:\/\/www.dimitriseconomides.com\/product\/%cf%84%ce%ac%cf%81%cf%84%ce%b1-%cf%80%cf%81%ce%b1%ce%bb%ce%af%ce%bd%ce%b1-%cf%83%ce%bf%ce%ba%ce%bf%ce%bb%ce%ac%cf%84%ce%b1\/"},"modified":"2024-12-13T09:31:31","modified_gmt":"2024-12-13T09:31:31","slug":"%cf%84%ce%ac%cf%81%cf%84%ce%b1-%cf%80%cf%81%ce%b1%ce%bb%ce%af%ce%bd%ce%b1-%cf%83%ce%bf%ce%ba%ce%bf%ce%bb%ce%ac%cf%84%ce%b1","status":"publish","type":"product","link":"https:\/\/www.dimitriseconomides.com\/fr\/product\/%cf%84%ce%ac%cf%81%cf%84%ce%b1-%cf%80%cf%81%ce%b1%ce%bb%ce%af%ce%bd%ce%b1-%cf%83%ce%bf%ce%ba%ce%bf%ce%bb%ce%ac%cf%84%ce%b1\/","title":{"rendered":"TARTE PRALIN\u00c9 &#8211; CHOCOLAT"},"content":{"rendered":"<div>Biscuit Chocolat-Beurre, Pralin\u00e9, Cr\u00e9meux au Chocolat, Mousse Pralin\u00e9 Noisette, Fruits Secs Caram\u00e9lis\u00e9s.<\/div>\n<div><\/div>\n","protected":false},"excerpt":{"rendered":"<p>Biscuit Chocolat-Beurre, Pralin\u00e9, Cr\u00e9meux au Chocolat, Mousse Pralin\u00e9 Noisette, Fruits Secs Caram\u00e9lis\u00e9s.<\/p>\n","protected":false},"featured_media":2213,"template":"","meta":{"_acf_changed":false},"product_brand":[],"product_cat":[72],"product_tag":[],"class_list":{"0":"post-2676","1":"product","2":"type-product","3":"status-publish","4":"has-post-thumbnail","6":"product_cat-patisseries","7":"pa_size-individual-fr","8":"pa_size-6-servings-fr","10":"first","11":"instock","12":"shipping-taxable","13":"purchasable","14":"product-type-variable","15":"has-default-attributes"},"acf":[],"_links":{"self":[{"href":"https:\/\/www.dimitriseconomides.com\/fr\/wp-json\/wp\/v2\/product\/2676","targetHints":{"allow":["GET"]}}],"collection":[{"href":"https:\/\/www.dimitriseconomides.com\/fr\/wp-json\/wp\/v2\/product"}],"about":[{"href":"https:\/\/www.dimitriseconomides.com\/fr\/wp-json\/wp\/v2\/types\/product"}],"wp:featuredmedia":[{"embeddable":true,"href":"https:\/\/www.dimitriseconomides.com\/fr\/wp-json\/wp\/v2\/media\/2213"}],"wp:attachment":[{"href":"https:\/\/www.dimitriseconomides.com\/fr\/wp-json\/wp\/v2\/media?parent=2676"}],"wp:term":[{"taxonomy":"product_brand","embeddable":true,"href":"https:\/\/www.dimitriseconomides.com\/fr\/wp-json\/wp\/v2\/product_brand?post=2676"},{"taxonomy":"product_cat","embeddable":true,"href":"https:\/\/www.dimitriseconomides.com\/fr\/wp-json\/wp\/v2\/product_cat?post=2676"},{"taxonomy":"product_tag","embeddable":true,"href":"https:\/\/www.dimitriseconomides.com\/fr\/wp-json\/wp\/v2\/product_tag?post=2676"}],"curies":[{"name":"wp","href":"https:\/\/api.w.org\/{rel}","templated":true}]}}