{"id":2680,"date":"2024-05-27T12:58:11","date_gmt":"2024-05-27T09:58:11","guid":{"rendered":"https:\/\/www.dimitriseconomides.com\/product\/eclair\/"},"modified":"2024-12-13T09:34:26","modified_gmt":"2024-12-13T09:34:26","slug":"eclair","status":"publish","type":"product","link":"https:\/\/www.dimitriseconomides.com\/fr\/product\/eclair\/","title":{"rendered":"\u00c9CLAIR"},"content":{"rendered":"<div>P\u00e2te \u00e0 Choux, Cr\u00e8me P\u00e2tissi\u00e8re au Chocolat, Feuilles de Chocolat.<\/div>\n<div><\/div>\n","protected":false},"excerpt":{"rendered":"<p>P\u00e2te \u00e0 Choux, Cr\u00e8me P\u00e2tissi\u00e8re au Chocolat, Feuilles de Chocolat.<\/p>\n","protected":false},"featured_media":2345,"template":"","meta":{"_acf_changed":false},"product_brand":[],"product_cat":[72],"product_tag":[],"class_list":{"0":"post-2680","1":"product","2":"type-product","3":"status-publish","4":"has-post-thumbnail","6":"product_cat-patisseries","7":"pa_size-individual-fr","9":"first","10":"instock","11":"shipping-taxable","12":"purchasable","13":"product-type-simple"},"acf":[],"_links":{"self":[{"href":"https:\/\/www.dimitriseconomides.com\/fr\/wp-json\/wp\/v2\/product\/2680","targetHints":{"allow":["GET"]}}],"collection":[{"href":"https:\/\/www.dimitriseconomides.com\/fr\/wp-json\/wp\/v2\/product"}],"about":[{"href":"https:\/\/www.dimitriseconomides.com\/fr\/wp-json\/wp\/v2\/types\/product"}],"wp:featuredmedia":[{"embeddable":true,"href":"https:\/\/www.dimitriseconomides.com\/fr\/wp-json\/wp\/v2\/media\/2345"}],"wp:attachment":[{"href":"https:\/\/www.dimitriseconomides.com\/fr\/wp-json\/wp\/v2\/media?parent=2680"}],"wp:term":[{"taxonomy":"product_brand","embeddable":true,"href":"https:\/\/www.dimitriseconomides.com\/fr\/wp-json\/wp\/v2\/product_brand?post=2680"},{"taxonomy":"product_cat","embeddable":true,"href":"https:\/\/www.dimitriseconomides.com\/fr\/wp-json\/wp\/v2\/product_cat?post=2680"},{"taxonomy":"product_tag","embeddable":true,"href":"https:\/\/www.dimitriseconomides.com\/fr\/wp-json\/wp\/v2\/product_tag?post=2680"}],"curies":[{"name":"wp","href":"https:\/\/api.w.org\/{rel}","templated":true}]}}