{"id":3303,"date":"2022-11-27T14:28:18","date_gmt":"2022-11-27T12:28:18","guid":{"rendered":"https:\/\/www.dimitriseconomides.com\/product\/bon-bons\/"},"modified":"2024-12-13T12:33:40","modified_gmt":"2024-12-13T12:33:40","slug":"bon-bons","status":"publish","type":"product","link":"https:\/\/www.dimitriseconomides.com\/fr\/product\/bon-bons\/","title":{"rendered":"BON-BONS"},"content":{"rendered":"<p>Chocolat Sao Tom\u00e9 &#8211; P\u00e9rou, Chocolat au lait Madagascar 40%, Pralin\u00e9 Noisette, Ganache Citron Vert, Ganache Chocolat, Pralin\u00e9 Noisette &#8211; Caf\u00e9.<\/p>\n","protected":false},"excerpt":{"rendered":"<p>Chocolat Sao Tom\u00e9 &#8211; P\u00e9rou, Chocolat au lait Madagascar 40%, Pralin\u00e9 Noisette, Ganache Citron Vert, Ganache Chocolat, Pralin\u00e9 Noisette &#8211; Caf\u00e9.<\/p>\n","protected":false},"featured_media":2984,"template":"","meta":{"_acf_changed":false},"product_brand":[],"product_cat":[74],"product_tag":[],"class_list":{"0":"post-3303","1":"product","2":"type-product","3":"status-publish","4":"has-post-thumbnail","6":"product_cat-chocolat","7":"pa_size-individuel-18-pieces","8":"pa_size-grand-36-pieces","10":"first","11":"instock","12":"shipping-taxable","13":"purchasable","14":"product-type-variable"},"acf":[],"_links":{"self":[{"href":"https:\/\/www.dimitriseconomides.com\/fr\/wp-json\/wp\/v2\/product\/3303","targetHints":{"allow":["GET"]}}],"collection":[{"href":"https:\/\/www.dimitriseconomides.com\/fr\/wp-json\/wp\/v2\/product"}],"about":[{"href":"https:\/\/www.dimitriseconomides.com\/fr\/wp-json\/wp\/v2\/types\/product"}],"wp:featuredmedia":[{"embeddable":true,"href":"https:\/\/www.dimitriseconomides.com\/fr\/wp-json\/wp\/v2\/media\/2984"}],"wp:attachment":[{"href":"https:\/\/www.dimitriseconomides.com\/fr\/wp-json\/wp\/v2\/media?parent=3303"}],"wp:term":[{"taxonomy":"product_brand","embeddable":true,"href":"https:\/\/www.dimitriseconomides.com\/fr\/wp-json\/wp\/v2\/product_brand?post=3303"},{"taxonomy":"product_cat","embeddable":true,"href":"https:\/\/www.dimitriseconomides.com\/fr\/wp-json\/wp\/v2\/product_cat?post=3303"},{"taxonomy":"product_tag","embeddable":true,"href":"https:\/\/www.dimitriseconomides.com\/fr\/wp-json\/wp\/v2\/product_tag?post=3303"}],"curies":[{"name":"wp","href":"https:\/\/api.w.org\/{rel}","templated":true}]}}