{"id":3311,"date":"2022-11-27T14:37:20","date_gmt":"2022-11-27T12:37:20","guid":{"rendered":"https:\/\/www.dimitriseconomides.com\/product\/amandes-caramelisees\/"},"modified":"2024-12-13T12:39:42","modified_gmt":"2024-12-13T12:39:42","slug":"amandes-caramelisees","status":"publish","type":"product","link":"https:\/\/www.dimitriseconomides.com\/fr\/product\/amandes-caramelisees\/","title":{"rendered":"AMANDES CARAM\u00c9LIS\u00c9ES"},"content":{"rendered":"<p>Chocolat Sao Tom\u00e9 &#8211; P\u00e9rou, chocolat au lait Madagascar 40%, amandes caram\u00e9lis\u00e9es.<\/p>\n","protected":false},"excerpt":{"rendered":"<p>Chocolat Sao Tom\u00e9 &#8211; P\u00e9rou, chocolat au lait Madagascar 40%, amandes caram\u00e9lis\u00e9es.<\/p>\n","protected":false},"featured_media":3012,"template":"","meta":{"_acf_changed":false},"product_brand":[],"product_cat":[74],"product_tag":[],"class_list":{"0":"post-3311","1":"product","2":"type-product","3":"status-publish","4":"has-post-thumbnail","6":"product_cat-chocolat","7":"pa_size-individuel-170g","8":"pa_size-grand-280g","10":"first","11":"instock","12":"shipping-taxable","13":"purchasable","14":"product-type-variable"},"acf":[],"_links":{"self":[{"href":"https:\/\/www.dimitriseconomides.com\/fr\/wp-json\/wp\/v2\/product\/3311","targetHints":{"allow":["GET"]}}],"collection":[{"href":"https:\/\/www.dimitriseconomides.com\/fr\/wp-json\/wp\/v2\/product"}],"about":[{"href":"https:\/\/www.dimitriseconomides.com\/fr\/wp-json\/wp\/v2\/types\/product"}],"wp:featuredmedia":[{"embeddable":true,"href":"https:\/\/www.dimitriseconomides.com\/fr\/wp-json\/wp\/v2\/media\/3012"}],"wp:attachment":[{"href":"https:\/\/www.dimitriseconomides.com\/fr\/wp-json\/wp\/v2\/media?parent=3311"}],"wp:term":[{"taxonomy":"product_brand","embeddable":true,"href":"https:\/\/www.dimitriseconomides.com\/fr\/wp-json\/wp\/v2\/product_brand?post=3311"},{"taxonomy":"product_cat","embeddable":true,"href":"https:\/\/www.dimitriseconomides.com\/fr\/wp-json\/wp\/v2\/product_cat?post=3311"},{"taxonomy":"product_tag","embeddable":true,"href":"https:\/\/www.dimitriseconomides.com\/fr\/wp-json\/wp\/v2\/product_tag?post=3311"}],"curies":[{"name":"wp","href":"https:\/\/api.w.org\/{rel}","templated":true}]}}