{"id":3488,"date":"2024-03-19T13:21:33","date_gmt":"2024-03-19T11:21:33","guid":{"rendered":"https:\/\/www.dimitriseconomides.com\/product\/escargot-chocolate\/"},"modified":"2024-12-12T13:25:37","modified_gmt":"2024-12-12T13:25:37","slug":"escargot-chocolate","status":"publish","type":"product","link":"https:\/\/www.dimitriseconomides.com\/fr\/product\/escargot-chocolate\/","title":{"rendered":"ESCARGOT CHOCOLATE"},"content":{"rendered":"<p>P\u00e2te \u00e0 Croissant, Cr\u00e8me P\u00e2tissi\u00e8re Vanille, Chocolat.<\/p>\n","protected":false},"excerpt":{"rendered":"<p>P\u00e2te \u00e0 Croissant, Cr\u00e8me P\u00e2tissi\u00e8re Vanille, Chocolat.<\/p>\n","protected":false},"featured_media":2909,"template":"","meta":{"_acf_changed":false},"product_brand":[],"product_cat":[73],"product_tag":[],"class_list":{"0":"post-3488","1":"product","2":"type-product","3":"status-publish","4":"has-post-thumbnail","6":"product_cat-viennoiseries","8":"first","9":"outofstock","10":"shipping-taxable","11":"purchasable","12":"product-type-simple"},"acf":[],"_links":{"self":[{"href":"https:\/\/www.dimitriseconomides.com\/fr\/wp-json\/wp\/v2\/product\/3488","targetHints":{"allow":["GET"]}}],"collection":[{"href":"https:\/\/www.dimitriseconomides.com\/fr\/wp-json\/wp\/v2\/product"}],"about":[{"href":"https:\/\/www.dimitriseconomides.com\/fr\/wp-json\/wp\/v2\/types\/product"}],"wp:featuredmedia":[{"embeddable":true,"href":"https:\/\/www.dimitriseconomides.com\/fr\/wp-json\/wp\/v2\/media\/2909"}],"wp:attachment":[{"href":"https:\/\/www.dimitriseconomides.com\/fr\/wp-json\/wp\/v2\/media?parent=3488"}],"wp:term":[{"taxonomy":"product_brand","embeddable":true,"href":"https:\/\/www.dimitriseconomides.com\/fr\/wp-json\/wp\/v2\/product_brand?post=3488"},{"taxonomy":"product_cat","embeddable":true,"href":"https:\/\/www.dimitriseconomides.com\/fr\/wp-json\/wp\/v2\/product_cat?post=3488"},{"taxonomy":"product_tag","embeddable":true,"href":"https:\/\/www.dimitriseconomides.com\/fr\/wp-json\/wp\/v2\/product_tag?post=3488"}],"curies":[{"name":"wp","href":"https:\/\/api.w.org\/{rel}","templated":true}]}}