{"id":3542,"date":"2024-11-27T14:12:24","date_gmt":"2024-11-27T12:12:24","guid":{"rendered":"https:\/\/www.dimitriseconomides.com\/product\/lucky\/"},"modified":"2024-12-13T12:00:38","modified_gmt":"2024-12-13T12:00:38","slug":"lucky","status":"publish","type":"product","link":"https:\/\/www.dimitriseconomides.com\/fr\/product\/lucky\/","title":{"rendered":"LUCKY"},"content":{"rendered":"<p>Streusel Chocolat Press\u00e9, Biscuit Cacao, Cr\u00e9meux Yuzu-Chocolat, Confit Framboise, Mousse P\u00e9rou.<\/p>\n<p>(8 &#8211; 10 servings)<\/p>\n","protected":false},"excerpt":{"rendered":"<p>Streusel Chocolat Press\u00e9, Biscuit Cacao, Cr\u00e9meux Yuzu-Chocolat, Confit Framboise, Mousse P\u00e9rou. (8 &#8211; 10 servings)<\/p>\n","protected":false},"featured_media":2957,"template":"","meta":{"_acf_changed":false},"product_brand":[],"product_cat":[118],"product_tag":[],"class_list":{"0":"post-3542","1":"product","2":"type-product","3":"status-publish","4":"has-post-thumbnail","6":"product_cat-noel","8":"first","9":"instock","10":"shipping-taxable","11":"purchasable","12":"product-type-simple"},"acf":[],"_links":{"self":[{"href":"https:\/\/www.dimitriseconomides.com\/fr\/wp-json\/wp\/v2\/product\/3542","targetHints":{"allow":["GET"]}}],"collection":[{"href":"https:\/\/www.dimitriseconomides.com\/fr\/wp-json\/wp\/v2\/product"}],"about":[{"href":"https:\/\/www.dimitriseconomides.com\/fr\/wp-json\/wp\/v2\/types\/product"}],"wp:featuredmedia":[{"embeddable":true,"href":"https:\/\/www.dimitriseconomides.com\/fr\/wp-json\/wp\/v2\/media\/2957"}],"wp:attachment":[{"href":"https:\/\/www.dimitriseconomides.com\/fr\/wp-json\/wp\/v2\/media?parent=3542"}],"wp:term":[{"taxonomy":"product_brand","embeddable":true,"href":"https:\/\/www.dimitriseconomides.com\/fr\/wp-json\/wp\/v2\/product_brand?post=3542"},{"taxonomy":"product_cat","embeddable":true,"href":"https:\/\/www.dimitriseconomides.com\/fr\/wp-json\/wp\/v2\/product_cat?post=3542"},{"taxonomy":"product_tag","embeddable":true,"href":"https:\/\/www.dimitriseconomides.com\/fr\/wp-json\/wp\/v2\/product_tag?post=3542"}],"curies":[{"name":"wp","href":"https:\/\/api.w.org\/{rel}","templated":true}]}}