{"id":3545,"date":"2024-11-27T13:50:35","date_gmt":"2024-11-27T11:50:35","guid":{"rendered":"https:\/\/www.dimitriseconomides.com\/?post_type=product&#038;p=3545"},"modified":"2024-12-13T12:06:49","modified_gmt":"2024-12-13T12:06:49","slug":"noisette-maison-martinet","status":"publish","type":"product","link":"https:\/\/www.dimitriseconomides.com\/fr\/product\/noisette-maison-martinet\/","title":{"rendered":"NOISETTE MAISON MARTINET"},"content":{"rendered":"<p>Sabl\u00e9 Diamant, Dacquoise Noisette, Cr\u00eapes Dentelles, Cr\u00e9meux Noisette, Mousse Noisette-Vanille.<\/p>\n<p>(6-8 servings)<\/p>\n","protected":false},"excerpt":{"rendered":"<p>Sabl\u00e9 Diamant, Dacquoise Noisette, Cr\u00eapes Dentelles, Cr\u00e9meux Noisette, Mousse Noisette-Vanille. (6-8 servings)<\/p>\n","protected":false},"featured_media":2940,"template":"","meta":{"_acf_changed":false},"product_brand":[],"product_cat":[118],"product_tag":[],"class_list":{"0":"post-3545","1":"product","2":"type-product","3":"status-publish","4":"has-post-thumbnail","6":"product_cat-noel","8":"first","9":"instock","10":"shipping-taxable","11":"purchasable","12":"product-type-simple"},"acf":[],"_links":{"self":[{"href":"https:\/\/www.dimitriseconomides.com\/fr\/wp-json\/wp\/v2\/product\/3545","targetHints":{"allow":["GET"]}}],"collection":[{"href":"https:\/\/www.dimitriseconomides.com\/fr\/wp-json\/wp\/v2\/product"}],"about":[{"href":"https:\/\/www.dimitriseconomides.com\/fr\/wp-json\/wp\/v2\/types\/product"}],"wp:featuredmedia":[{"embeddable":true,"href":"https:\/\/www.dimitriseconomides.com\/fr\/wp-json\/wp\/v2\/media\/2940"}],"wp:attachment":[{"href":"https:\/\/www.dimitriseconomides.com\/fr\/wp-json\/wp\/v2\/media?parent=3545"}],"wp:term":[{"taxonomy":"product_brand","embeddable":true,"href":"https:\/\/www.dimitriseconomides.com\/fr\/wp-json\/wp\/v2\/product_brand?post=3545"},{"taxonomy":"product_cat","embeddable":true,"href":"https:\/\/www.dimitriseconomides.com\/fr\/wp-json\/wp\/v2\/product_cat?post=3545"},{"taxonomy":"product_tag","embeddable":true,"href":"https:\/\/www.dimitriseconomides.com\/fr\/wp-json\/wp\/v2\/product_tag?post=3545"}],"curies":[{"name":"wp","href":"https:\/\/api.w.org\/{rel}","templated":true}]}}