{"id":3548,"date":"2024-11-27T13:46:16","date_gmt":"2024-11-27T11:46:16","guid":{"rendered":"https:\/\/www.dimitriseconomides.com\/product\/vanilla\/"},"modified":"2024-12-13T12:20:38","modified_gmt":"2024-12-13T12:20:38","slug":"vanilla","status":"publish","type":"product","link":"https:\/\/www.dimitriseconomides.com\/fr\/product\/vanilla\/","title":{"rendered":"VANILLE"},"content":{"rendered":"<p>Biscuit Beurre Press\u00e9 \u2013 Feuillet\u00e9, Dacquoise Amande, Pralin\u00e9 Vanille, Cr\u00e9meux Vanille \u2013 Okinawa, Mousse Vanille.<\/p>\n<p>(8-10 servings)<\/p>\n","protected":false},"excerpt":{"rendered":"<p>Biscuit Beurre Press\u00e9 \u2013 Feuillet\u00e9, Dacquoise Amande, Pralin\u00e9 Vanille, Cr\u00e9meux Vanille \u2013 Okinawa, Mousse Vanille. (8-10 servings)<\/p>\n","protected":false},"featured_media":2936,"template":"","meta":{"_acf_changed":false},"product_brand":[],"product_cat":[118],"product_tag":[],"class_list":{"0":"post-3548","1":"product","2":"type-product","3":"status-publish","4":"has-post-thumbnail","6":"product_cat-noel","8":"first","9":"instock","10":"shipping-taxable","11":"purchasable","12":"product-type-simple"},"acf":[],"_links":{"self":[{"href":"https:\/\/www.dimitriseconomides.com\/fr\/wp-json\/wp\/v2\/product\/3548","targetHints":{"allow":["GET"]}}],"collection":[{"href":"https:\/\/www.dimitriseconomides.com\/fr\/wp-json\/wp\/v2\/product"}],"about":[{"href":"https:\/\/www.dimitriseconomides.com\/fr\/wp-json\/wp\/v2\/types\/product"}],"wp:featuredmedia":[{"embeddable":true,"href":"https:\/\/www.dimitriseconomides.com\/fr\/wp-json\/wp\/v2\/media\/2936"}],"wp:attachment":[{"href":"https:\/\/www.dimitriseconomides.com\/fr\/wp-json\/wp\/v2\/media?parent=3548"}],"wp:term":[{"taxonomy":"product_brand","embeddable":true,"href":"https:\/\/www.dimitriseconomides.com\/fr\/wp-json\/wp\/v2\/product_brand?post=3548"},{"taxonomy":"product_cat","embeddable":true,"href":"https:\/\/www.dimitriseconomides.com\/fr\/wp-json\/wp\/v2\/product_cat?post=3548"},{"taxonomy":"product_tag","embeddable":true,"href":"https:\/\/www.dimitriseconomides.com\/fr\/wp-json\/wp\/v2\/product_tag?post=3548"}],"curies":[{"name":"wp","href":"https:\/\/api.w.org\/{rel}","templated":true}]}}