{"id":4583,"date":"2025-03-19T16:57:05","date_gmt":"2025-03-19T14:57:05","guid":{"rendered":"https:\/\/www.dimitriseconomides.com\/?post_type=product&#038;p=4583"},"modified":"2025-03-19T17:03:04","modified_gmt":"2025-03-19T15:03:04","slug":"saint-honore-2","status":"publish","type":"product","link":"https:\/\/www.dimitriseconomides.com\/fr\/product\/saint-honore-2\/","title":{"rendered":"SAINT HONOR\u00c9"},"content":{"rendered":"<p>P\u00e2te feuillet\u00e9e caram\u00e9lis\u00e9e, Choux, Cr\u00e8me p\u00e2tissi\u00e8re \u00e0 la vanille, Ganache \u00e0 la vanille souffl\u00e9e.<\/p>\n","protected":false},"excerpt":{"rendered":"<p>P\u00e2te feuillet\u00e9e caram\u00e9lis\u00e9e, Choux, Cr\u00e8me p\u00e2tissi\u00e8re \u00e0 la vanille, Ganache \u00e0 la vanille souffl\u00e9e.<\/p>\n","protected":false},"featured_media":2896,"template":"","meta":{"_acf_changed":false},"product_brand":[],"product_cat":[72],"product_tag":[],"class_list":{"0":"post-4583","1":"product","2":"type-product","3":"status-publish","4":"has-post-thumbnail","6":"product_cat-patisseries","7":"pa_size-individual-fr","8":"pa_size-8-servings-fr","10":"first","11":"instock","12":"shipping-taxable","13":"purchasable","14":"product-type-variable"},"acf":[],"_links":{"self":[{"href":"https:\/\/www.dimitriseconomides.com\/fr\/wp-json\/wp\/v2\/product\/4583","targetHints":{"allow":["GET"]}}],"collection":[{"href":"https:\/\/www.dimitriseconomides.com\/fr\/wp-json\/wp\/v2\/product"}],"about":[{"href":"https:\/\/www.dimitriseconomides.com\/fr\/wp-json\/wp\/v2\/types\/product"}],"wp:featuredmedia":[{"embeddable":true,"href":"https:\/\/www.dimitriseconomides.com\/fr\/wp-json\/wp\/v2\/media\/2896"}],"wp:attachment":[{"href":"https:\/\/www.dimitriseconomides.com\/fr\/wp-json\/wp\/v2\/media?parent=4583"}],"wp:term":[{"taxonomy":"product_brand","embeddable":true,"href":"https:\/\/www.dimitriseconomides.com\/fr\/wp-json\/wp\/v2\/product_brand?post=4583"},{"taxonomy":"product_cat","embeddable":true,"href":"https:\/\/www.dimitriseconomides.com\/fr\/wp-json\/wp\/v2\/product_cat?post=4583"},{"taxonomy":"product_tag","embeddable":true,"href":"https:\/\/www.dimitriseconomides.com\/fr\/wp-json\/wp\/v2\/product_tag?post=4583"}],"curies":[{"name":"wp","href":"https:\/\/api.w.org\/{rel}","templated":true}]}}