{"id":4597,"date":"2025-03-19T17:03:59","date_gmt":"2025-03-19T15:03:59","guid":{"rendered":"https:\/\/www.dimitriseconomides.com\/?post_type=product&#038;p=4597"},"modified":"2025-03-19T17:08:08","modified_gmt":"2025-03-19T15:08:08","slug":"yuzu-vanille","status":"publish","type":"product","link":"https:\/\/www.dimitriseconomides.com\/fr\/product\/yuzu-vanille\/","title":{"rendered":"YUZU VANILLE"},"content":{"rendered":"<p>Biscuit Beurre, Frangipane, Pralin\u00e9 Croquant Amande, Cr\u00e9meux Citron, Confit Citron, Ganache A\u00e9rienne Yuzu-Vanille.<\/p>\n","protected":false},"excerpt":{"rendered":"<p>Biscuit Beurre, Frangipane, Pralin\u00e9 Croquant Amande, Cr\u00e9meux Citron, Confit Citron, Ganache A\u00e9rienne Yuzu-Vanille.<\/p>\n","protected":false},"featured_media":2884,"template":"","meta":{"_acf_changed":false},"product_brand":[],"product_cat":[72],"product_tag":[],"class_list":{"0":"post-4597","1":"product","2":"type-product","3":"status-publish","4":"has-post-thumbnail","6":"product_cat-patisseries","7":"pa_size-individual-fr","8":"pa_size-8-10-servings-fr","10":"first","11":"instock","12":"shipping-taxable","13":"purchasable","14":"product-type-variable"},"acf":[],"_links":{"self":[{"href":"https:\/\/www.dimitriseconomides.com\/fr\/wp-json\/wp\/v2\/product\/4597","targetHints":{"allow":["GET"]}}],"collection":[{"href":"https:\/\/www.dimitriseconomides.com\/fr\/wp-json\/wp\/v2\/product"}],"about":[{"href":"https:\/\/www.dimitriseconomides.com\/fr\/wp-json\/wp\/v2\/types\/product"}],"wp:featuredmedia":[{"embeddable":true,"href":"https:\/\/www.dimitriseconomides.com\/fr\/wp-json\/wp\/v2\/media\/2884"}],"wp:attachment":[{"href":"https:\/\/www.dimitriseconomides.com\/fr\/wp-json\/wp\/v2\/media?parent=4597"}],"wp:term":[{"taxonomy":"product_brand","embeddable":true,"href":"https:\/\/www.dimitriseconomides.com\/fr\/wp-json\/wp\/v2\/product_brand?post=4597"},{"taxonomy":"product_cat","embeddable":true,"href":"https:\/\/www.dimitriseconomides.com\/fr\/wp-json\/wp\/v2\/product_cat?post=4597"},{"taxonomy":"product_tag","embeddable":true,"href":"https:\/\/www.dimitriseconomides.com\/fr\/wp-json\/wp\/v2\/product_tag?post=4597"}],"curies":[{"name":"wp","href":"https:\/\/api.w.org\/{rel}","templated":true}]}}