{"id":4610,"date":"2025-03-19T17:14:01","date_gmt":"2025-03-19T15:14:01","guid":{"rendered":"https:\/\/www.dimitriseconomides.com\/?post_type=product&#038;p=4610"},"modified":"2025-03-19T17:17:42","modified_gmt":"2025-03-19T15:17:42","slug":"perou","status":"publish","type":"product","link":"https:\/\/www.dimitriseconomides.com\/fr\/product\/perou\/","title":{"rendered":"P\u00c9ROU"},"content":{"rendered":"<div>Dacquoise aux Noisettes, Pralin\u00e9 Croquant, Cr\u00e9meux Chocolat, Mousse Chocolat, Feuilles de Chocolat.<\/div>\n<div><\/div>\n","protected":false},"excerpt":{"rendered":"<p>Dacquoise aux Noisettes, Pralin\u00e9 Croquant, Cr\u00e9meux Chocolat, Mousse Chocolat, Feuilles de Chocolat.<\/p>\n","protected":false},"featured_media":2877,"template":"","meta":{"_acf_changed":false},"product_brand":[],"product_cat":[72],"product_tag":[],"class_list":{"0":"post-4610","1":"product","2":"type-product","3":"status-publish","4":"has-post-thumbnail","6":"product_cat-patisseries","7":"pa_size-individual-fr","8":"pa_size-8-10-servings-fr","10":"first","11":"instock","12":"shipping-taxable","13":"purchasable","14":"product-type-variable"},"acf":[],"_links":{"self":[{"href":"https:\/\/www.dimitriseconomides.com\/fr\/wp-json\/wp\/v2\/product\/4610","targetHints":{"allow":["GET"]}}],"collection":[{"href":"https:\/\/www.dimitriseconomides.com\/fr\/wp-json\/wp\/v2\/product"}],"about":[{"href":"https:\/\/www.dimitriseconomides.com\/fr\/wp-json\/wp\/v2\/types\/product"}],"wp:featuredmedia":[{"embeddable":true,"href":"https:\/\/www.dimitriseconomides.com\/fr\/wp-json\/wp\/v2\/media\/2877"}],"wp:attachment":[{"href":"https:\/\/www.dimitriseconomides.com\/fr\/wp-json\/wp\/v2\/media?parent=4610"}],"wp:term":[{"taxonomy":"product_brand","embeddable":true,"href":"https:\/\/www.dimitriseconomides.com\/fr\/wp-json\/wp\/v2\/product_brand?post=4610"},{"taxonomy":"product_cat","embeddable":true,"href":"https:\/\/www.dimitriseconomides.com\/fr\/wp-json\/wp\/v2\/product_cat?post=4610"},{"taxonomy":"product_tag","embeddable":true,"href":"https:\/\/www.dimitriseconomides.com\/fr\/wp-json\/wp\/v2\/product_tag?post=4610"}],"curies":[{"name":"wp","href":"https:\/\/api.w.org\/{rel}","templated":true}]}}