{"id":4624,"date":"2025-03-19T17:20:12","date_gmt":"2025-03-19T15:20:12","guid":{"rendered":"https:\/\/www.dimitriseconomides.com\/?post_type=product&#038;p=4624"},"modified":"2025-03-19T17:28:04","modified_gmt":"2025-03-19T15:28:04","slug":"flan-parisien-2","status":"publish","type":"product","link":"https:\/\/www.dimitriseconomides.com\/fr\/product\/flan-parisien-2\/","title":{"rendered":"FLAN PARISIEN"},"content":{"rendered":"<div>P\u00e2te Feuillet\u00e9e Caram\u00e9lis\u00e9e, Cr\u00e8me Vanille.<\/div>\n<div><\/div>\n","protected":false},"excerpt":{"rendered":"<p>P\u00e2te Feuillet\u00e9e Caram\u00e9lis\u00e9e, Cr\u00e8me Vanille.<\/p>\n","protected":false},"featured_media":2870,"template":"","meta":{"_acf_changed":false},"product_brand":[],"product_cat":[72],"product_tag":[],"class_list":{"0":"post-4624","1":"product","2":"type-product","3":"status-publish","4":"has-post-thumbnail","6":"product_cat-patisseries","7":"pa_size-individual-fr","8":"pa_size-6-servings-fr","10":"first","11":"instock","12":"shipping-taxable","13":"purchasable","14":"product-type-variable","15":"has-default-attributes"},"acf":[],"_links":{"self":[{"href":"https:\/\/www.dimitriseconomides.com\/fr\/wp-json\/wp\/v2\/product\/4624","targetHints":{"allow":["GET"]}}],"collection":[{"href":"https:\/\/www.dimitriseconomides.com\/fr\/wp-json\/wp\/v2\/product"}],"about":[{"href":"https:\/\/www.dimitriseconomides.com\/fr\/wp-json\/wp\/v2\/types\/product"}],"wp:featuredmedia":[{"embeddable":true,"href":"https:\/\/www.dimitriseconomides.com\/fr\/wp-json\/wp\/v2\/media\/2870"}],"wp:attachment":[{"href":"https:\/\/www.dimitriseconomides.com\/fr\/wp-json\/wp\/v2\/media?parent=4624"}],"wp:term":[{"taxonomy":"product_brand","embeddable":true,"href":"https:\/\/www.dimitriseconomides.com\/fr\/wp-json\/wp\/v2\/product_brand?post=4624"},{"taxonomy":"product_cat","embeddable":true,"href":"https:\/\/www.dimitriseconomides.com\/fr\/wp-json\/wp\/v2\/product_cat?post=4624"},{"taxonomy":"product_tag","embeddable":true,"href":"https:\/\/www.dimitriseconomides.com\/fr\/wp-json\/wp\/v2\/product_tag?post=4624"}],"curies":[{"name":"wp","href":"https:\/\/api.w.org\/{rel}","templated":true}]}}