{"id":4638,"date":"2025-03-19T17:29:54","date_gmt":"2025-03-19T15:29:54","guid":{"rendered":"https:\/\/www.dimitriseconomides.com\/?post_type=product&#038;p=4638"},"modified":"2025-03-19T17:34:09","modified_gmt":"2025-03-19T15:34:09","slug":"foret-noire","status":"publish","type":"product","link":"https:\/\/www.dimitriseconomides.com\/fr\/product\/foret-noire\/","title":{"rendered":"FOR\u00caT-NOIRE"},"content":{"rendered":"<p>Biscuit Cacao, Confiture de Griotte, Cr\u00e9meux Chocolat Indon\u00e9sie, Feuilles de Chocolat, Mousse Vanille.<\/p>\n","protected":false},"excerpt":{"rendered":"<p>Biscuit Cacao, Confiture de Griotte, Cr\u00e9meux Chocolat Indon\u00e9sie, Feuilles de Chocolat, Mousse Vanille.<\/p>\n","protected":false},"featured_media":2353,"template":"","meta":{"_acf_changed":false},"product_brand":[],"product_cat":[72],"product_tag":[],"class_list":{"0":"post-4638","1":"product","2":"type-product","3":"status-publish","4":"has-post-thumbnail","6":"product_cat-patisseries","7":"pa_size-individual-fr","8":"pa_size-8-10-servings-fr","10":"first","11":"instock","12":"shipping-taxable","13":"purchasable","14":"product-type-variable","15":"has-default-attributes"},"acf":[],"_links":{"self":[{"href":"https:\/\/www.dimitriseconomides.com\/fr\/wp-json\/wp\/v2\/product\/4638","targetHints":{"allow":["GET"]}}],"collection":[{"href":"https:\/\/www.dimitriseconomides.com\/fr\/wp-json\/wp\/v2\/product"}],"about":[{"href":"https:\/\/www.dimitriseconomides.com\/fr\/wp-json\/wp\/v2\/types\/product"}],"wp:featuredmedia":[{"embeddable":true,"href":"https:\/\/www.dimitriseconomides.com\/fr\/wp-json\/wp\/v2\/media\/2353"}],"wp:attachment":[{"href":"https:\/\/www.dimitriseconomides.com\/fr\/wp-json\/wp\/v2\/media?parent=4638"}],"wp:term":[{"taxonomy":"product_brand","embeddable":true,"href":"https:\/\/www.dimitriseconomides.com\/fr\/wp-json\/wp\/v2\/product_brand?post=4638"},{"taxonomy":"product_cat","embeddable":true,"href":"https:\/\/www.dimitriseconomides.com\/fr\/wp-json\/wp\/v2\/product_cat?post=4638"},{"taxonomy":"product_tag","embeddable":true,"href":"https:\/\/www.dimitriseconomides.com\/fr\/wp-json\/wp\/v2\/product_tag?post=4638"}],"curies":[{"name":"wp","href":"https:\/\/api.w.org\/{rel}","templated":true}]}}