{"id":4693,"date":"2025-03-19T17:52:46","date_gmt":"2025-03-19T15:52:46","guid":{"rendered":"https:\/\/www.dimitriseconomides.com\/?post_type=product&#038;p=4693"},"modified":"2025-03-19T17:57:15","modified_gmt":"2025-03-19T15:57:15","slug":"tarte-praline-chocolat","status":"publish","type":"product","link":"https:\/\/www.dimitriseconomides.com\/fr\/product\/tarte-praline-chocolat\/","title":{"rendered":"TARTE PRALIN\u00c9 &#8211; CHOCOLAT"},"content":{"rendered":"<div>Biscuit Chocolat-Beurre, Pralin\u00e9, Cr\u00e9meux au Chocolat, Mousse Pralin\u00e9 Noisette, Fruits Secs Caram\u00e9lis\u00e9s.<\/div>\n<div><\/div>\n","protected":false},"excerpt":{"rendered":"<p>Biscuit Chocolat-Beurre, Pralin\u00e9, Cr\u00e9meux au Chocolat, Mousse Pralin\u00e9 Noisette, Fruits Secs Caram\u00e9lis\u00e9s.<\/p>\n","protected":false},"featured_media":2451,"template":"","meta":{"_acf_changed":false},"product_brand":[],"product_cat":[72],"product_tag":[],"class_list":{"0":"post-4693","1":"product","2":"type-product","3":"status-publish","4":"has-post-thumbnail","6":"product_cat-patisseries","7":"pa_size-individual-fr","8":"pa_size-6-servings-fr","10":"first","11":"instock","12":"shipping-taxable","13":"purchasable","14":"product-type-variable","15":"has-default-attributes"},"acf":[],"_links":{"self":[{"href":"https:\/\/www.dimitriseconomides.com\/fr\/wp-json\/wp\/v2\/product\/4693","targetHints":{"allow":["GET"]}}],"collection":[{"href":"https:\/\/www.dimitriseconomides.com\/fr\/wp-json\/wp\/v2\/product"}],"about":[{"href":"https:\/\/www.dimitriseconomides.com\/fr\/wp-json\/wp\/v2\/types\/product"}],"wp:featuredmedia":[{"embeddable":true,"href":"https:\/\/www.dimitriseconomides.com\/fr\/wp-json\/wp\/v2\/media\/2451"}],"wp:attachment":[{"href":"https:\/\/www.dimitriseconomides.com\/fr\/wp-json\/wp\/v2\/media?parent=4693"}],"wp:term":[{"taxonomy":"product_brand","embeddable":true,"href":"https:\/\/www.dimitriseconomides.com\/fr\/wp-json\/wp\/v2\/product_brand?post=4693"},{"taxonomy":"product_cat","embeddable":true,"href":"https:\/\/www.dimitriseconomides.com\/fr\/wp-json\/wp\/v2\/product_cat?post=4693"},{"taxonomy":"product_tag","embeddable":true,"href":"https:\/\/www.dimitriseconomides.com\/fr\/wp-json\/wp\/v2\/product_tag?post=4693"}],"curies":[{"name":"wp","href":"https:\/\/api.w.org\/{rel}","templated":true}]}}