{"id":5349,"date":"2025-12-09T13:24:07","date_gmt":"2025-12-09T11:24:07","guid":{"rendered":"https:\/\/www.dimitriseconomides.com\/?post_type=product&#038;p=5349"},"modified":"2025-12-09T13:39:33","modified_gmt":"2025-12-09T11:39:33","slug":"citrus-apogee","status":"publish","type":"product","link":"https:\/\/www.dimitriseconomides.com\/fr\/product\/citrus-apogee\/","title":{"rendered":"CITRUS APOG\u00c9E"},"content":{"rendered":"<p>Dacquoise Amande-Citron, Ganache Vanille, Cr\u00eapes Dentelle, Cr\u00e9meux Citron, Confit Citron, Mousse Vanille.<\/p>\n","protected":false},"excerpt":{"rendered":"<p>Dacquoise Amande-Citron, Ganache Vanille, Cr\u00eapes Dentelle, Cr\u00e9meux Citron, Confit Citron, Mousse Vanille.<\/p>\n","protected":false},"featured_media":5249,"template":"","meta":{"_acf_changed":false},"product_brand":[],"product_cat":[118],"product_tag":[],"class_list":{"0":"post-5349","1":"product","2":"type-product","3":"status-publish","4":"has-post-thumbnail","6":"product_cat-noel","8":"first","9":"instock","10":"shipping-taxable","11":"purchasable","12":"product-type-simple"},"acf":[],"_links":{"self":[{"href":"https:\/\/www.dimitriseconomides.com\/fr\/wp-json\/wp\/v2\/product\/5349","targetHints":{"allow":["GET"]}}],"collection":[{"href":"https:\/\/www.dimitriseconomides.com\/fr\/wp-json\/wp\/v2\/product"}],"about":[{"href":"https:\/\/www.dimitriseconomides.com\/fr\/wp-json\/wp\/v2\/types\/product"}],"wp:featuredmedia":[{"embeddable":true,"href":"https:\/\/www.dimitriseconomides.com\/fr\/wp-json\/wp\/v2\/media\/5249"}],"wp:attachment":[{"href":"https:\/\/www.dimitriseconomides.com\/fr\/wp-json\/wp\/v2\/media?parent=5349"}],"wp:term":[{"taxonomy":"product_brand","embeddable":true,"href":"https:\/\/www.dimitriseconomides.com\/fr\/wp-json\/wp\/v2\/product_brand?post=5349"},{"taxonomy":"product_cat","embeddable":true,"href":"https:\/\/www.dimitriseconomides.com\/fr\/wp-json\/wp\/v2\/product_cat?post=5349"},{"taxonomy":"product_tag","embeddable":true,"href":"https:\/\/www.dimitriseconomides.com\/fr\/wp-json\/wp\/v2\/product_tag?post=5349"}],"curies":[{"name":"wp","href":"https:\/\/api.w.org\/{rel}","templated":true}]}}