{"id":5352,"date":"2025-12-09T13:50:19","date_gmt":"2025-12-09T11:50:19","guid":{"rendered":"https:\/\/www.dimitriseconomides.com\/?post_type=product&#038;p=5352"},"modified":"2025-12-09T13:55:18","modified_gmt":"2025-12-09T11:55:18","slug":"chocolate-trouble","status":"publish","type":"product","link":"https:\/\/www.dimitriseconomides.com\/fr\/product\/chocolate-trouble\/","title":{"rendered":"CHOCOLATE TROUBLE"},"content":{"rendered":"<p>Biscuit Cacao, Streusel Peanut, Pralin\u00e9 Peanut, Cr\u00e9meux Chocolat, Caramel, Mousse Chocolat Au Lait P\u00e9rou.<\/p>\n","protected":false},"excerpt":{"rendered":"<p>Biscuit Cacao, Streusel Peanut, Pralin\u00e9 Peanut, Cr\u00e9meux Chocolat, Caramel, Mousse Chocolat Au Lait P\u00e9rou.<\/p>\n","protected":false},"featured_media":5240,"template":"","meta":{"_acf_changed":false},"product_brand":[],"product_cat":[118],"product_tag":[],"class_list":{"0":"post-5352","1":"product","2":"type-product","3":"status-publish","4":"has-post-thumbnail","6":"product_cat-noel","8":"first","9":"instock","10":"shipping-taxable","11":"purchasable","12":"product-type-simple"},"acf":[],"_links":{"self":[{"href":"https:\/\/www.dimitriseconomides.com\/fr\/wp-json\/wp\/v2\/product\/5352","targetHints":{"allow":["GET"]}}],"collection":[{"href":"https:\/\/www.dimitriseconomides.com\/fr\/wp-json\/wp\/v2\/product"}],"about":[{"href":"https:\/\/www.dimitriseconomides.com\/fr\/wp-json\/wp\/v2\/types\/product"}],"wp:featuredmedia":[{"embeddable":true,"href":"https:\/\/www.dimitriseconomides.com\/fr\/wp-json\/wp\/v2\/media\/5240"}],"wp:attachment":[{"href":"https:\/\/www.dimitriseconomides.com\/fr\/wp-json\/wp\/v2\/media?parent=5352"}],"wp:term":[{"taxonomy":"product_brand","embeddable":true,"href":"https:\/\/www.dimitriseconomides.com\/fr\/wp-json\/wp\/v2\/product_brand?post=5352"},{"taxonomy":"product_cat","embeddable":true,"href":"https:\/\/www.dimitriseconomides.com\/fr\/wp-json\/wp\/v2\/product_cat?post=5352"},{"taxonomy":"product_tag","embeddable":true,"href":"https:\/\/www.dimitriseconomides.com\/fr\/wp-json\/wp\/v2\/product_tag?post=5352"}],"curies":[{"name":"wp","href":"https:\/\/api.w.org\/{rel}","templated":true}]}}