{"id":5378,"date":"2025-12-10T12:59:00","date_gmt":"2025-12-10T10:59:00","guid":{"rendered":"https:\/\/www.dimitriseconomides.com\/?post_type=product&#038;p=5378"},"modified":"2025-12-10T12:59:01","modified_gmt":"2025-12-10T10:59:01","slug":"melomakarono-chocolat","status":"publish","type":"product","link":"https:\/\/www.dimitriseconomides.com\/fr\/product\/melomakarono-chocolat\/","title":{"rendered":"MELOMAKARONO CHOCOLAT"},"content":{"rendered":"<p>12 Pi\u00e8ces. Sao Tom\u00e9-P\u00e9rou 70%.<\/p>\n","protected":false},"excerpt":{"rendered":"<p>12 Pi\u00e8ces. Sao Tom\u00e9-P\u00e9rou 70%.<\/p>\n","protected":false},"featured_media":5372,"template":"","meta":{"_acf_changed":false},"product_brand":[],"product_cat":[118],"product_tag":[],"class_list":{"0":"post-5378","1":"product","2":"type-product","3":"status-publish","4":"has-post-thumbnail","6":"product_cat-noel","8":"first","9":"instock","10":"shipping-taxable","11":"purchasable","12":"product-type-simple"},"acf":[],"_links":{"self":[{"href":"https:\/\/www.dimitriseconomides.com\/fr\/wp-json\/wp\/v2\/product\/5378","targetHints":{"allow":["GET"]}}],"collection":[{"href":"https:\/\/www.dimitriseconomides.com\/fr\/wp-json\/wp\/v2\/product"}],"about":[{"href":"https:\/\/www.dimitriseconomides.com\/fr\/wp-json\/wp\/v2\/types\/product"}],"wp:featuredmedia":[{"embeddable":true,"href":"https:\/\/www.dimitriseconomides.com\/fr\/wp-json\/wp\/v2\/media\/5372"}],"wp:attachment":[{"href":"https:\/\/www.dimitriseconomides.com\/fr\/wp-json\/wp\/v2\/media?parent=5378"}],"wp:term":[{"taxonomy":"product_brand","embeddable":true,"href":"https:\/\/www.dimitriseconomides.com\/fr\/wp-json\/wp\/v2\/product_brand?post=5378"},{"taxonomy":"product_cat","embeddable":true,"href":"https:\/\/www.dimitriseconomides.com\/fr\/wp-json\/wp\/v2\/product_cat?post=5378"},{"taxonomy":"product_tag","embeddable":true,"href":"https:\/\/www.dimitriseconomides.com\/fr\/wp-json\/wp\/v2\/product_tag?post=5378"}],"curies":[{"name":"wp","href":"https:\/\/api.w.org\/{rel}","templated":true}]}}