{"id":5390,"date":"2025-12-10T13:29:34","date_gmt":"2025-12-10T11:29:34","guid":{"rendered":"https:\/\/www.dimitriseconomides.com\/?post_type=product&#038;p=5390"},"modified":"2025-12-10T13:31:12","modified_gmt":"2025-12-10T11:31:12","slug":"chocolate-tree","status":"publish","type":"product","link":"https:\/\/www.dimitriseconomides.com\/fr\/product\/chocolate-tree\/","title":{"rendered":"CHOCOLATE TREE"},"content":{"rendered":"<p>Chocolat Madagascar 40%, Pralin\u00e9 Noisette, Amandes Caram\u00e9lis\u00e9es.<\/p>\n","protected":false},"excerpt":{"rendered":"<p>Chocolat Madagascar 40%, Pralin\u00e9 Noisette, Amandes Caram\u00e9lis\u00e9es.<\/p>\n","protected":false},"featured_media":5282,"template":"","meta":{"_acf_changed":false},"product_brand":[],"product_cat":[],"product_tag":[],"class_list":{"0":"post-5390","1":"product","2":"type-product","3":"status-publish","4":"has-post-thumbnail","7":"first","8":"instock","9":"shipping-taxable","10":"purchasable","11":"product-type-simple"},"acf":[],"_links":{"self":[{"href":"https:\/\/www.dimitriseconomides.com\/fr\/wp-json\/wp\/v2\/product\/5390","targetHints":{"allow":["GET"]}}],"collection":[{"href":"https:\/\/www.dimitriseconomides.com\/fr\/wp-json\/wp\/v2\/product"}],"about":[{"href":"https:\/\/www.dimitriseconomides.com\/fr\/wp-json\/wp\/v2\/types\/product"}],"wp:featuredmedia":[{"embeddable":true,"href":"https:\/\/www.dimitriseconomides.com\/fr\/wp-json\/wp\/v2\/media\/5282"}],"wp:attachment":[{"href":"https:\/\/www.dimitriseconomides.com\/fr\/wp-json\/wp\/v2\/media?parent=5390"}],"wp:term":[{"taxonomy":"product_brand","embeddable":true,"href":"https:\/\/www.dimitriseconomides.com\/fr\/wp-json\/wp\/v2\/product_brand?post=5390"},{"taxonomy":"product_cat","embeddable":true,"href":"https:\/\/www.dimitriseconomides.com\/fr\/wp-json\/wp\/v2\/product_cat?post=5390"},{"taxonomy":"product_tag","embeddable":true,"href":"https:\/\/www.dimitriseconomides.com\/fr\/wp-json\/wp\/v2\/product_tag?post=5390"}],"curies":[{"name":"wp","href":"https:\/\/api.w.org\/{rel}","templated":true}]}}