{"id":5559,"date":"2026-01-22T14:09:16","date_gmt":"2026-01-22T12:09:16","guid":{"rendered":"https:\/\/www.dimitriseconomides.com\/?post_type=product&#038;p=5559"},"modified":"2026-01-22T14:09:16","modified_gmt":"2026-01-22T12:09:16","slug":"noisette-praline-cafe","status":"publish","type":"product","link":"https:\/\/www.dimitriseconomides.com\/fr\/product\/noisette-praline-cafe\/","title":{"rendered":"NOISETTE PRALIN\u00c9 CAF\u00c9"},"content":{"rendered":"<p>Biscuit au beurre, Dacquoise Noisette, Pralin\u00e9 Caf\u00e9, Cr\u00e9meux Noisette, Mousse Vanille.<\/p>\n","protected":false},"excerpt":{"rendered":"<p>Biscuit au beurre, Dacquoise Noisette, Pralin\u00e9 Caf\u00e9, Cr\u00e9meux Noisette, Mousse Vanille.<\/p>\n","protected":false},"featured_media":5557,"template":"","meta":{"_acf_changed":false},"product_brand":[],"product_cat":[],"product_tag":[],"class_list":{"0":"post-5559","1":"product","2":"type-product","3":"status-publish","4":"has-post-thumbnail","7":"first","8":"instock","9":"shipping-taxable","10":"purchasable","11":"product-type-simple"},"acf":[],"_links":{"self":[{"href":"https:\/\/www.dimitriseconomides.com\/fr\/wp-json\/wp\/v2\/product\/5559","targetHints":{"allow":["GET"]}}],"collection":[{"href":"https:\/\/www.dimitriseconomides.com\/fr\/wp-json\/wp\/v2\/product"}],"about":[{"href":"https:\/\/www.dimitriseconomides.com\/fr\/wp-json\/wp\/v2\/types\/product"}],"wp:featuredmedia":[{"embeddable":true,"href":"https:\/\/www.dimitriseconomides.com\/fr\/wp-json\/wp\/v2\/media\/5557"}],"wp:attachment":[{"href":"https:\/\/www.dimitriseconomides.com\/fr\/wp-json\/wp\/v2\/media?parent=5559"}],"wp:term":[{"taxonomy":"product_brand","embeddable":true,"href":"https:\/\/www.dimitriseconomides.com\/fr\/wp-json\/wp\/v2\/product_brand?post=5559"},{"taxonomy":"product_cat","embeddable":true,"href":"https:\/\/www.dimitriseconomides.com\/fr\/wp-json\/wp\/v2\/product_cat?post=5559"},{"taxonomy":"product_tag","embeddable":true,"href":"https:\/\/www.dimitriseconomides.com\/fr\/wp-json\/wp\/v2\/product_tag?post=5559"}],"curies":[{"name":"wp","href":"https:\/\/api.w.org\/{rel}","templated":true}]}}